{"id":409,"date":"2021-11-12T12:27:49","date_gmt":"2021-11-12T12:27:49","guid":{"rendered":"http:\/\/box2254.temp.domains\/~transhua\/btianalytics\/?page_id=409"},"modified":"2021-12-13T13:03:15","modified_gmt":"2021-12-13T13:03:15","slug":"centros-de-distribucion","status":"publish","type":"page","link":"https:\/\/btianalytics.ai\/es\/industrias\/centros-de-distribucion\/","title":{"rendered":"Centros de distribuci\u00f3n"},"content":{"rendered":"\t\t<div data-elementor-type=\"wp-page\" data-elementor-id=\"409\" class=\"elementor elementor-409\" data-elementor-post-type=\"page\">\n\t\t\t\t\t\t<section class=\"elementor-section elementor-top-section elementor-element elementor-element-7a811afe elementor-section-boxed elementor-section-height-default elementor-section-height-default\" data-id=\"7a811afe\" data-element_type=\"section\">\n\t\t\t\t\t\t<div class=\"elementor-container elementor-column-gap-default\">\n\t\t\t\t\t<div class=\"elementor-column elementor-col-100 elementor-top-column elementor-element elementor-element-51f7b0bc\" data-id=\"51f7b0bc\" data-element_type=\"column\">\n\t\t\t<div class=\"elementor-widget-wrap elementor-element-populated\">\n\t\t\t\t\t\t<div class=\"elementor-element elementor-element-29d6372a elementor-widget elementor-widget-heading\" data-id=\"29d6372a\" data-element_type=\"widget\" data-widget_type=\"heading.default\">\n\t\t\t\t<div class=\"elementor-widget-container\">\n\t\t\t\t\t<h2 class=\"elementor-heading-title elementor-size-default\">Centros de distribuci\u00f3n<\/h2>\t\t\t\t<\/div>\n\t\t\t\t<\/div>\n\t\t\t\t<div class=\"elementor-element elementor-element-8b79ff7 elementor-widget elementor-widget-text-editor\" data-id=\"8b79ff7\" data-element_type=\"widget\" data-widget_type=\"text-editor.default\">\n\t\t\t\t<div class=\"elementor-widget-container\">\n\t\t\t\t\t\t\t\t\t<div class=\"page\" title=\"Page 2\"><div class=\"section\"><div class=\"layoutArea\"><div class=\"column\"><p>Flotas controladas y costos optimizados.<\/p><\/div><\/div><\/div><\/div>\t\t\t\t\t\t\t\t<\/div>\n\t\t\t\t<\/div>\n\t\t\t\t\t<\/div>\n\t\t<\/div>\n\t\t\t\t\t<\/div>\n\t\t<\/section>\n\t\t\t\t<section class=\"elementor-section elementor-top-section elementor-element elementor-element-8d6189d elementor-section-boxed elementor-section-height-default elementor-section-height-default\" data-id=\"8d6189d\" data-element_type=\"section\">\n\t\t\t\t\t\t<div class=\"elementor-container elementor-column-gap-default\">\n\t\t\t\t\t<div class=\"elementor-column elementor-col-100 elementor-top-column elementor-element elementor-element-5f01b14\" data-id=\"5f01b14\" data-element_type=\"column\">\n\t\t\t<div class=\"elementor-widget-wrap elementor-element-populated\">\n\t\t\t\t\t\t<div class=\"elementor-element elementor-element-9d9b529 elementor-widget elementor-widget-video\" data-id=\"9d9b529\" data-element_type=\"widget\" data-settings=\"{&quot;video_type&quot;:&quot;hosted&quot;,&quot;autoplay&quot;:&quot;yes&quot;,&quot;play_on_mobile&quot;:&quot;yes&quot;,&quot;mute&quot;:&quot;yes&quot;,&quot;loop&quot;:&quot;yes&quot;}\" data-widget_type=\"video.default\">\n\t\t\t\t<div class=\"elementor-widget-container\">\n\t\t\t\t\t\t\t<div class=\"e-hosted-video elementor-wrapper elementor-open-inline\">\n\t\t\t\t\t<video class=\"elementor-video\" src=\"https:\/\/btianalytics.ai\/wp-content\/uploads\/2021\/11\/CAM-CAMIONES_.mp4\" autoplay=\"\" loop=\"\" muted=\"muted\" playsinline=\"\" controlsList=\"nodownload\"><\/video>\n\t\t\t\t<\/div>\n\t\t\t\t\t\t<\/div>\n\t\t\t\t<\/div>\n\t\t\t\t\t<\/div>\n\t\t<\/div>\n\t\t\t\t\t<\/div>\n\t\t<\/section>\n\t\t\t\t<section class=\"elementor-section elementor-top-section elementor-element elementor-element-22d7afa elementor-section-boxed elementor-section-height-default elementor-section-height-default\" data-id=\"22d7afa\" data-element_type=\"section\">\n\t\t\t\t\t\t<div class=\"elementor-container elementor-column-gap-default\">\n\t\t\t\t\t<div class=\"elementor-column elementor-col-33 elementor-top-column elementor-element elementor-element-cf4b9db\" data-id=\"cf4b9db\" data-element_type=\"column\">\n\t\t\t<div class=\"elementor-widget-wrap elementor-element-populated\">\n\t\t\t\t\t\t<div class=\"elementor-element elementor-element-aad3b0d elementor-widget elementor-widget-text-editor\" data-id=\"aad3b0d\" data-element_type=\"widget\" data-widget_type=\"text-editor.default\">\n\t\t\t\t<div class=\"elementor-widget-container\">\n\t\t\t\t\t\t\t\t\t<div class=\"page\" title=\"Page 2\"><div class=\"section\"><div class=\"layoutArea\"><div class=\"column\"><p>Introducci\u00f3n<\/p><\/div><\/div><\/div><\/div>\t\t\t\t\t\t\t\t<\/div>\n\t\t\t\t<\/div>\n\t\t\t\t\t<\/div>\n\t\t<\/div>\n\t\t\t\t<div class=\"elementor-column elementor-col-66 elementor-top-column elementor-element elementor-element-4353377\" data-id=\"4353377\" data-element_type=\"column\">\n\t\t\t<div class=\"elementor-widget-wrap elementor-element-populated\">\n\t\t\t\t\t\t<div class=\"elementor-element elementor-element-35aa83c elementor-widget elementor-widget-text-editor\" data-id=\"35aa83c\" data-element_type=\"widget\" data-widget_type=\"text-editor.default\">\n\t\t\t\t<div class=\"elementor-widget-container\">\n\t\t\t\t\t\t\t\t\t<p>En el negocio de la Log\u00edstica y los Centros de Distribuci\u00f3n, la optimizaci\u00f3n de los flujos se ha transformado en el factor clave para aumentar la eficiencia y reducir los costos. Hoy es posible mejorar la eficiencia de su gesti\u00f3n de activos con la ayuda de Retina Analytics. Su Inteligencia Accionable entrega enormes posibilidades para la toma de decisiones, ayudando a las organizaciones a alcanzar su m\u00e1ximo potencial.<\/p>\t\t\t\t\t\t\t\t<\/div>\n\t\t\t\t<\/div>\n\t\t\t\t\t<\/div>\n\t\t<\/div>\n\t\t\t\t\t<\/div>\n\t\t<\/section>\n\t\t\t\t<section class=\"elementor-section elementor-top-section elementor-element elementor-element-2bd570c elementor-section-boxed elementor-section-height-default elementor-section-height-default\" data-id=\"2bd570c\" data-element_type=\"section\">\n\t\t\t\t\t\t<div class=\"elementor-container elementor-column-gap-default\">\n\t\t\t\t\t<div class=\"elementor-column elementor-col-33 elementor-top-column elementor-element elementor-element-c3a4eb2\" data-id=\"c3a4eb2\" data-element_type=\"column\">\n\t\t\t<div class=\"elementor-widget-wrap elementor-element-populated\">\n\t\t\t\t\t\t<div class=\"elementor-element elementor-element-2d624fc5 elementor-widget elementor-widget-text-editor\" data-id=\"2d624fc5\" data-element_type=\"widget\" data-widget_type=\"text-editor.default\">\n\t\t\t\t<div class=\"elementor-widget-container\">\n\t\t\t\t\t\t\t\t\t<div class=\"page\" title=\"Page 2\"><div class=\"section\"><div class=\"layoutArea\"><div class=\"column\"><p>Soluci\u00f3n<\/p><\/div><\/div><\/div><\/div>\t\t\t\t\t\t\t\t<\/div>\n\t\t\t\t<\/div>\n\t\t\t\t\t<\/div>\n\t\t<\/div>\n\t\t\t\t<div class=\"elementor-column elementor-col-66 elementor-top-column elementor-element elementor-element-ffc18ea\" data-id=\"ffc18ea\" data-element_type=\"column\">\n\t\t\t<div class=\"elementor-widget-wrap elementor-element-populated\">\n\t\t\t\t\t\t<div class=\"elementor-element elementor-element-31b3993 elementor-widget elementor-widget-text-editor\" data-id=\"31b3993\" data-element_type=\"widget\" data-widget_type=\"text-editor.default\">\n\t\t\t\t<div class=\"elementor-widget-container\">\n\t\t\t\t\t\t\t\t\t<p>Aseguramos la optimizaci\u00f3n y el control de flujo de la flota. Esto es, los ingresos y salidas de camiones de reparto desde los distintos wharehouses o centros de distribuci\u00f3n. Ayudamos a maximizar los recursos a trav\u00e9s de acortar los tiempos de carga y descarga de los camiones.<\/p><p>Protegemos los inventarios cr\u00edticos a trav\u00e9s del monitoreo 24&#215;7 de las zonas en donde se encuentren.<\/p><p>Adicionalmente, aseguramos la protecci\u00f3n perimetral del recinto, sabiendo exactamente qu\u00e9 persona o veh\u00edculo ingres\u00f3 o intent\u00f3 ingresar (o salir), en todo momento.<\/p><p>\u00a0<\/p>\t\t\t\t\t\t\t\t<\/div>\n\t\t\t\t<\/div>\n\t\t\t\t\t<\/div>\n\t\t<\/div>\n\t\t\t\t\t<\/div>\n\t\t<\/section>\n\t\t\t\t<section class=\"elementor-section elementor-top-section elementor-element elementor-element-6006adb elementor-section-boxed elementor-section-height-default elementor-section-height-default\" data-id=\"6006adb\" data-element_type=\"section\">\n\t\t\t\t\t\t<div class=\"elementor-container elementor-column-gap-default\">\n\t\t\t\t\t<div class=\"elementor-column elementor-col-33 elementor-top-column elementor-element elementor-element-e432376\" data-id=\"e432376\" data-element_type=\"column\">\n\t\t\t<div class=\"elementor-widget-wrap elementor-element-populated\">\n\t\t\t\t\t\t<div class=\"elementor-element elementor-element-69b2efc elementor-widget elementor-widget-text-editor\" data-id=\"69b2efc\" data-element_type=\"widget\" data-widget_type=\"text-editor.default\">\n\t\t\t\t<div class=\"elementor-widget-container\">\n\t\t\t\t\t\t\t\t\t<div class=\"page\" title=\"Page 2\"><div class=\"section\"><div class=\"layoutArea\"><div class=\"column\"><p>Plataforma<\/p><\/div><\/div><\/div><\/div>\t\t\t\t\t\t\t\t<\/div>\n\t\t\t\t<\/div>\n\t\t\t\t\t<\/div>\n\t\t<\/div>\n\t\t\t\t<div class=\"elementor-column elementor-col-66 elementor-top-column elementor-element elementor-element-5af655a\" data-id=\"5af655a\" data-element_type=\"column\">\n\t\t\t<div class=\"elementor-widget-wrap elementor-element-populated\">\n\t\t\t\t\t\t<div class=\"elementor-element elementor-element-876a530 elementor-widget elementor-widget-text-editor\" data-id=\"876a530\" data-element_type=\"widget\" data-widget_type=\"text-editor.default\">\n\t\t\t\t<div class=\"elementor-widget-container\">\n\t\t\t\t\t\t\t\t\t<p>Monitoreamos en tiempo real. Nuestros recursos de IA transforman la data en acci\u00f3n, con lo cual <strong>optimizamos y controlamos el flujo de camiones de reparto<\/strong>, minimizando los cuellos de botella y eficientizando los tiempos en las zonas de picking de productos. El an\u00e1lisis peri\u00f3dico de los KPI asociados nos permiten encontrar oportunidades de mejora y hacer recomendaciones de negocio.<\/p><p>Controlamos el stock de productos m\u00e1s relevantes o costosos, y se activan notificaciones cuando se vulneran dichas \u00e1reas.<\/p><p>Nuestros dispositivos inteligentes permiten la protecci\u00f3n perimetral del recinto, controles placa patentes de veh\u00edculos y credenciales de personas. Evitamos los accesos por zonas no autorizadas en el per\u00edmetro, generando alertas inmediatas.<\/p>\t\t\t\t\t\t\t\t<\/div>\n\t\t\t\t<\/div>\n\t\t\t\t\t<\/div>\n\t\t<\/div>\n\t\t\t\t\t<\/div>\n\t\t<\/section>\n\t\t\t\t<\/div>\n\t\t","protected":false},"excerpt":{"rendered":"<p>Centros de distribuci\u00f3n Flotas controladas y costos optimizados. https:\/\/btianalytics.ai\/wp-content\/uploads\/2021\/11\/CAM-CAMIONES_.mp4 Introducci\u00f3n En el negocio de la Log\u00edstica y los Centros de Distribuci\u00f3n, la optimizaci\u00f3n de los flujos se ha transformado en el factor clave para aumentar la eficiencia y reducir los costos. Hoy es posible mejorar la eficiencia de su gesti\u00f3n de activos con la ayuda [&hellip;]<\/p>\n","protected":false},"author":1,"featured_media":0,"parent":379,"menu_order":0,"comment_status":"closed","ping_status":"closed","template":"","meta":{"site-sidebar-layout":"no-sidebar","site-content-layout":"page-builder","ast-site-content-layout":"","site-content-style":"default","site-sidebar-style":"default","ast-global-header-display":"","ast-banner-title-visibility":"","ast-main-header-display":"","ast-hfb-above-header-display":"","ast-hfb-below-header-display":"","ast-hfb-mobile-header-display":"","site-post-title":"disabled","ast-breadcrumbs-content":"","ast-featured-img":"disabled","footer-sml-layout":"","theme-transparent-header-meta":"default","adv-header-id-meta":"","stick-header-meta":"","header-above-stick-meta":"","header-main-stick-meta":"","header-below-stick-meta":"","astra-migrate-meta-layouts":"default","ast-page-background-enabled":"default","ast-page-background-meta":{"desktop":{"background-color":"var(--ast-global-color-4)","background-image":"","background-repeat":"repeat","background-position":"center center","background-size":"auto","background-attachment":"scroll","background-type":"","background-media":"","overlay-type":"","overlay-color":"","overlay-opacity":"","overlay-gradient":""},"tablet":{"background-color":"","background-image":"","background-repeat":"repeat","background-position":"center center","background-size":"auto","background-attachment":"scroll","background-type":"","background-media":"","overlay-type":"","overlay-color":"","overlay-opacity":"","overlay-gradient":""},"mobile":{"background-color":"","background-image":"","background-repeat":"repeat","background-position":"center center","background-size":"auto","background-attachment":"scroll","background-type":"","background-media":"","overlay-type":"","overlay-color":"","overlay-opacity":"","overlay-gradient":""}},"ast-content-background-meta":{"desktop":{"background-color":"var(--ast-global-color-5)","background-image":"","background-repeat":"repeat","background-position":"center center","background-size":"auto","background-attachment":"scroll","background-type":"","background-media":"","overlay-type":"","overlay-color":"","overlay-opacity":"","overlay-gradient":""},"tablet":{"background-color":"var(--ast-global-color-5)","background-image":"","background-repeat":"repeat","background-position":"center center","background-size":"auto","background-attachment":"scroll","background-type":"","background-media":"","overlay-type":"","overlay-color":"","overlay-opacity":"","overlay-gradient":""},"mobile":{"background-color":"var(--ast-global-color-5)","background-image":"","background-repeat":"repeat","background-position":"center center","background-size":"auto","background-attachment":"scroll","background-type":"","background-media":"","overlay-type":"","overlay-color":"","overlay-opacity":"","overlay-gradient":""}},"footnotes":""},"class_list":["post-409","page","type-page","status-publish","hentry"],"yoast_head":"<!-- This site is optimized with the Yoast SEO plugin v26.9 - https:\/\/yoast.com\/product\/yoast-seo-wordpress\/ -->\n<title>Centros de distribuci\u00f3n - BTI Analytics<\/title>\n<meta name=\"robots\" content=\"index, follow, max-snippet:-1, max-image-preview:large, max-video-preview:-1\" \/>\n<link rel=\"canonical\" href=\"https:\/\/btianalytics.ai\/es\/industrias\/centros-de-distribucion\/\" \/>\n<meta property=\"og:locale\" content=\"es_ES\" \/>\n<meta property=\"og:type\" content=\"article\" \/>\n<meta property=\"og:title\" content=\"Centros de distribuci\u00f3n - BTI Analytics\" \/>\n<meta property=\"og:description\" content=\"Centros de distribuci\u00f3n Flotas controladas y costos optimizados. https:\/\/btianalytics.ai\/wp-content\/uploads\/2021\/11\/CAM-CAMIONES_.mp4 Introducci\u00f3n En el negocio de la Log\u00edstica y los Centros de Distribuci\u00f3n, la optimizaci\u00f3n de los flujos se ha transformado en el factor clave para aumentar la eficiencia y reducir los costos. Hoy es posible mejorar la eficiencia de su gesti\u00f3n de activos con la ayuda [&hellip;]\" \/>\n<meta property=\"og:url\" content=\"https:\/\/btianalytics.ai\/es\/industrias\/centros-de-distribucion\/\" \/>\n<meta property=\"og:site_name\" content=\"BTI Analytics\" \/>\n<meta property=\"article:modified_time\" content=\"2021-12-13T13:03:15+00:00\" \/>\n<meta name=\"twitter:card\" content=\"summary_large_image\" \/>\n<meta name=\"twitter:label1\" content=\"Tiempo de lectura\" \/>\n\t<meta name=\"twitter:data1\" content=\"2 minutos\" \/>\n<script type=\"application\/ld+json\" class=\"yoast-schema-graph\">{\"@context\":\"https:\/\/schema.org\",\"@graph\":[{\"@type\":\"WebPage\",\"@id\":\"https:\/\/btianalytics.ai\/es\/industrias\/centros-de-distribucion\/\",\"url\":\"https:\/\/btianalytics.ai\/es\/industrias\/centros-de-distribucion\/\",\"name\":\"Centros de distribuci\u00f3n - BTI Analytics\",\"isPartOf\":{\"@id\":\"https:\/\/btianalytics.ai\/#website\"},\"datePublished\":\"2021-11-12T12:27:49+00:00\",\"dateModified\":\"2021-12-13T13:03:15+00:00\",\"breadcrumb\":{\"@id\":\"https:\/\/btianalytics.ai\/es\/industrias\/centros-de-distribucion\/#breadcrumb\"},\"inLanguage\":\"es\",\"potentialAction\":[{\"@type\":\"ReadAction\",\"target\":[\"https:\/\/btianalytics.ai\/es\/industrias\/centros-de-distribucion\/\"]}]},{\"@type\":\"BreadcrumbList\",\"@id\":\"https:\/\/btianalytics.ai\/es\/industrias\/centros-de-distribucion\/#breadcrumb\",\"itemListElement\":[{\"@type\":\"ListItem\",\"position\":1,\"name\":\"Home\",\"item\":\"https:\/\/btianalytics.ai\/es\/\"},{\"@type\":\"ListItem\",\"position\":2,\"name\":\"Industrias\",\"item\":\"https:\/\/btianalytics.ai\/es\/industrias\/\"},{\"@type\":\"ListItem\",\"position\":3,\"name\":\"Centros de distribuci\u00f3n\"}]},{\"@type\":\"WebSite\",\"@id\":\"https:\/\/btianalytics.ai\/#website\",\"url\":\"https:\/\/btianalytics.ai\/\",\"name\":\"BTI Analytics\",\"description\":\"Captures What Really Matters\",\"publisher\":{\"@id\":\"https:\/\/btianalytics.ai\/#organization\"},\"potentialAction\":[{\"@type\":\"SearchAction\",\"target\":{\"@type\":\"EntryPoint\",\"urlTemplate\":\"https:\/\/btianalytics.ai\/?s={search_term_string}\"},\"query-input\":{\"@type\":\"PropertyValueSpecification\",\"valueRequired\":true,\"valueName\":\"search_term_string\"}}],\"inLanguage\":\"es\"},{\"@type\":\"Organization\",\"@id\":\"https:\/\/btianalytics.ai\/#organization\",\"name\":\"BTI Analytics\",\"url\":\"https:\/\/btianalytics.ai\/\",\"logo\":{\"@type\":\"ImageObject\",\"inLanguage\":\"es\",\"@id\":\"https:\/\/btianalytics.ai\/#\/schema\/logo\/image\/\",\"url\":\"https:\/\/btianalytics.ai\/wp-content\/uploads\/2021\/11\/favicon.jpg\",\"contentUrl\":\"https:\/\/btianalytics.ai\/wp-content\/uploads\/2021\/11\/favicon.jpg\",\"width\":400,\"height\":400,\"caption\":\"BTI Analytics\"},\"image\":{\"@id\":\"https:\/\/btianalytics.ai\/#\/schema\/logo\/image\/\"}}]}<\/script>\n<!-- \/ Yoast SEO plugin. -->","yoast_head_json":{"title":"Centros de distribuci\u00f3n - BTI Analytics","robots":{"index":"index","follow":"follow","max-snippet":"max-snippet:-1","max-image-preview":"max-image-preview:large","max-video-preview":"max-video-preview:-1"},"canonical":"https:\/\/btianalytics.ai\/es\/industrias\/centros-de-distribucion\/","og_locale":"es_ES","og_type":"article","og_title":"Centros de distribuci\u00f3n - BTI Analytics","og_description":"Centros de distribuci\u00f3n Flotas controladas y costos optimizados. https:\/\/btianalytics.ai\/wp-content\/uploads\/2021\/11\/CAM-CAMIONES_.mp4 Introducci\u00f3n En el negocio de la Log\u00edstica y los Centros de Distribuci\u00f3n, la optimizaci\u00f3n de los flujos se ha transformado en el factor clave para aumentar la eficiencia y reducir los costos. Hoy es posible mejorar la eficiencia de su gesti\u00f3n de activos con la ayuda [&hellip;]","og_url":"https:\/\/btianalytics.ai\/es\/industrias\/centros-de-distribucion\/","og_site_name":"BTI Analytics","article_modified_time":"2021-12-13T13:03:15+00:00","twitter_card":"summary_large_image","twitter_misc":{"Tiempo de lectura":"2 minutos"},"schema":{"@context":"https:\/\/schema.org","@graph":[{"@type":"WebPage","@id":"https:\/\/btianalytics.ai\/es\/industrias\/centros-de-distribucion\/","url":"https:\/\/btianalytics.ai\/es\/industrias\/centros-de-distribucion\/","name":"Centros de distribuci\u00f3n - BTI Analytics","isPartOf":{"@id":"https:\/\/btianalytics.ai\/#website"},"datePublished":"2021-11-12T12:27:49+00:00","dateModified":"2021-12-13T13:03:15+00:00","breadcrumb":{"@id":"https:\/\/btianalytics.ai\/es\/industrias\/centros-de-distribucion\/#breadcrumb"},"inLanguage":"es","potentialAction":[{"@type":"ReadAction","target":["https:\/\/btianalytics.ai\/es\/industrias\/centros-de-distribucion\/"]}]},{"@type":"BreadcrumbList","@id":"https:\/\/btianalytics.ai\/es\/industrias\/centros-de-distribucion\/#breadcrumb","itemListElement":[{"@type":"ListItem","position":1,"name":"Home","item":"https:\/\/btianalytics.ai\/es\/"},{"@type":"ListItem","position":2,"name":"Industrias","item":"https:\/\/btianalytics.ai\/es\/industrias\/"},{"@type":"ListItem","position":3,"name":"Centros de distribuci\u00f3n"}]},{"@type":"WebSite","@id":"https:\/\/btianalytics.ai\/#website","url":"https:\/\/btianalytics.ai\/","name":"BTI Analytics","description":"Captures What Really Matters","publisher":{"@id":"https:\/\/btianalytics.ai\/#organization"},"potentialAction":[{"@type":"SearchAction","target":{"@type":"EntryPoint","urlTemplate":"https:\/\/btianalytics.ai\/?s={search_term_string}"},"query-input":{"@type":"PropertyValueSpecification","valueRequired":true,"valueName":"search_term_string"}}],"inLanguage":"es"},{"@type":"Organization","@id":"https:\/\/btianalytics.ai\/#organization","name":"BTI Analytics","url":"https:\/\/btianalytics.ai\/","logo":{"@type":"ImageObject","inLanguage":"es","@id":"https:\/\/btianalytics.ai\/#\/schema\/logo\/image\/","url":"https:\/\/btianalytics.ai\/wp-content\/uploads\/2021\/11\/favicon.jpg","contentUrl":"https:\/\/btianalytics.ai\/wp-content\/uploads\/2021\/11\/favicon.jpg","width":400,"height":400,"caption":"BTI Analytics"},"image":{"@id":"https:\/\/btianalytics.ai\/#\/schema\/logo\/image\/"}}]}},"_links":{"self":[{"href":"https:\/\/btianalytics.ai\/es\/wp-json\/wp\/v2\/pages\/409","targetHints":{"allow":["GET"]}}],"collection":[{"href":"https:\/\/btianalytics.ai\/es\/wp-json\/wp\/v2\/pages"}],"about":[{"href":"https:\/\/btianalytics.ai\/es\/wp-json\/wp\/v2\/types\/page"}],"author":[{"embeddable":true,"href":"https:\/\/btianalytics.ai\/es\/wp-json\/wp\/v2\/users\/1"}],"replies":[{"embeddable":true,"href":"https:\/\/btianalytics.ai\/es\/wp-json\/wp\/v2\/comments?post=409"}],"version-history":[{"count":5,"href":"https:\/\/btianalytics.ai\/es\/wp-json\/wp\/v2\/pages\/409\/revisions"}],"predecessor-version":[{"id":3122,"href":"https:\/\/btianalytics.ai\/es\/wp-json\/wp\/v2\/pages\/409\/revisions\/3122"}],"up":[{"embeddable":true,"href":"https:\/\/btianalytics.ai\/es\/wp-json\/wp\/v2\/pages\/379"}],"wp:attachment":[{"href":"https:\/\/btianalytics.ai\/es\/wp-json\/wp\/v2\/media?parent=409"}],"curies":[{"name":"wp","href":"https:\/\/api.w.org\/{rel}","templated":true}]}}