{"id":333,"date":"2021-11-05T12:55:55","date_gmt":"2021-11-05T12:55:55","guid":{"rendered":"http:\/\/box2254.temp.domains\/~transhua\/btianalytics\/?page_id=333"},"modified":"2021-12-13T13:10:37","modified_gmt":"2021-12-13T13:10:37","slug":"educacion","status":"publish","type":"page","link":"https:\/\/btianalytics.ai\/es\/industrias\/educacion\/","title":{"rendered":"Educaci\u00f3n"},"content":{"rendered":"\t\t<div data-elementor-type=\"wp-page\" data-elementor-id=\"333\" class=\"elementor elementor-333\" data-elementor-post-type=\"page\">\n\t\t\t\t\t\t<section class=\"elementor-section elementor-top-section elementor-element elementor-element-12040462 elementor-section-boxed elementor-section-height-default elementor-section-height-default\" data-id=\"12040462\" data-element_type=\"section\">\n\t\t\t\t\t\t<div class=\"elementor-container elementor-column-gap-default\">\n\t\t\t\t\t<div class=\"elementor-column elementor-col-100 elementor-top-column elementor-element elementor-element-2c49331d\" data-id=\"2c49331d\" data-element_type=\"column\">\n\t\t\t<div class=\"elementor-widget-wrap elementor-element-populated\">\n\t\t\t\t\t\t<div class=\"elementor-element elementor-element-5f1ff4d9 elementor-widget elementor-widget-heading\" data-id=\"5f1ff4d9\" data-element_type=\"widget\" data-widget_type=\"heading.default\">\n\t\t\t\t<div class=\"elementor-widget-container\">\n\t\t\t\t\t<h2 class=\"elementor-heading-title elementor-size-default\">Educaci\u00f3n<\/h2>\t\t\t\t<\/div>\n\t\t\t\t<\/div>\n\t\t\t\t<div class=\"elementor-element elementor-element-7163ea78 elementor-widget elementor-widget-text-editor\" data-id=\"7163ea78\" data-element_type=\"widget\" data-widget_type=\"text-editor.default\">\n\t\t\t\t<div class=\"elementor-widget-container\">\n\t\t\t\t\t\t\t\t\t<div class=\"page\" title=\"Page 2\"><div class=\"section\"><div class=\"layoutArea\"><div class=\"column\"><p>Creando entornos de aprendizaje y de trabajo que sean seguros y confortables<\/p><\/div><\/div><\/div><\/div>\t\t\t\t\t\t\t\t<\/div>\n\t\t\t\t<\/div>\n\t\t\t\t\t<\/div>\n\t\t<\/div>\n\t\t\t\t\t<\/div>\n\t\t<\/section>\n\t\t\t\t<section class=\"elementor-section elementor-top-section elementor-element elementor-element-3faf200 elementor-section-boxed elementor-section-height-default elementor-section-height-default\" data-id=\"3faf200\" data-element_type=\"section\">\n\t\t\t\t\t\t<div class=\"elementor-container elementor-column-gap-default\">\n\t\t\t\t\t<div class=\"elementor-column elementor-col-100 elementor-top-column elementor-element elementor-element-5c5e7f4\" data-id=\"5c5e7f4\" data-element_type=\"column\">\n\t\t\t<div class=\"elementor-widget-wrap elementor-element-populated\">\n\t\t\t\t\t\t<div class=\"elementor-element elementor-element-e5aabd0 elementor-widget elementor-widget-video\" data-id=\"e5aabd0\" data-element_type=\"widget\" data-settings=\"{&quot;video_type&quot;:&quot;hosted&quot;,&quot;autoplay&quot;:&quot;yes&quot;,&quot;play_on_mobile&quot;:&quot;yes&quot;,&quot;mute&quot;:&quot;yes&quot;,&quot;loop&quot;:&quot;yes&quot;}\" data-widget_type=\"video.default\">\n\t\t\t\t<div class=\"elementor-widget-container\">\n\t\t\t\t\t\t\t<div class=\"e-hosted-video elementor-wrapper elementor-open-inline\">\n\t\t\t\t\t<video class=\"elementor-video\" src=\"https:\/\/btianalytics.ai\/wp-content\/uploads\/2021\/12\/CAM-EDUCACIO\u0301N__-1.mp4\" autoplay=\"\" loop=\"\" muted=\"muted\" playsinline=\"\" controlsList=\"nodownload\"><\/video>\n\t\t\t\t<\/div>\n\t\t\t\t\t\t<\/div>\n\t\t\t\t<\/div>\n\t\t\t\t\t<\/div>\n\t\t<\/div>\n\t\t\t\t\t<\/div>\n\t\t<\/section>\n\t\t\t\t<section class=\"elementor-section elementor-top-section elementor-element elementor-element-32cc522 elementor-section-boxed elementor-section-height-default elementor-section-height-default\" data-id=\"32cc522\" data-element_type=\"section\">\n\t\t\t\t\t\t<div class=\"elementor-container elementor-column-gap-default\">\n\t\t\t\t\t<div class=\"elementor-column elementor-col-33 elementor-top-column elementor-element elementor-element-4626b2b\" data-id=\"4626b2b\" data-element_type=\"column\">\n\t\t\t<div class=\"elementor-widget-wrap elementor-element-populated\">\n\t\t\t\t\t\t<div class=\"elementor-element elementor-element-704fffa elementor-widget elementor-widget-text-editor\" data-id=\"704fffa\" data-element_type=\"widget\" data-widget_type=\"text-editor.default\">\n\t\t\t\t<div class=\"elementor-widget-container\">\n\t\t\t\t\t\t\t\t\t<div class=\"page\" title=\"Page 2\"><div class=\"section\"><div class=\"layoutArea\"><div class=\"column\"><p>Introducci\u00f3n<\/p><\/div><\/div><\/div><\/div>\t\t\t\t\t\t\t\t<\/div>\n\t\t\t\t<\/div>\n\t\t\t\t\t<\/div>\n\t\t<\/div>\n\t\t\t\t<div class=\"elementor-column elementor-col-66 elementor-top-column elementor-element elementor-element-2c02675\" data-id=\"2c02675\" data-element_type=\"column\">\n\t\t\t<div class=\"elementor-widget-wrap elementor-element-populated\">\n\t\t\t\t\t\t<div class=\"elementor-element elementor-element-2d3bc463 elementor-widget elementor-widget-text-editor\" data-id=\"2d3bc463\" data-element_type=\"widget\" data-widget_type=\"text-editor.default\">\n\t\t\t\t<div class=\"elementor-widget-container\">\n\t\t\t\t\t\t\t\t\t<div class=\"page\" title=\"Page 4\"><div class=\"section\"><div class=\"layoutArea\"><div class=\"column\"><p>Los estudiantes hoy en d\u00eda esperan aprender y desenvolverse en entornos seguros, saludables y c\u00f3modos. Lo mismo ocurre para los docentes y el personal administrativo que trabaja en esos lugares.\u00a0<\/p><p><span style=\"font-style: inherit; font-weight: inherit; color: var( --e-global-color-secondary );\">En los distintos campus, los encargados enfrentan un gran desaf\u00edo: c\u00f3mo optimizar los entornos del campus y los recursos humanos en terreno, cuidando los costos operativos y asegurando el bienestar de trabajadores, estudiantes y docentes.<\/span><\/p><p><span class=\"naranjo\" style=\"font-style: inherit; font-weight: inherit;\">Retina Analytics<\/span><span style=\"font-style: inherit; font-weight: inherit; color: var( --e-global-color-secondary );\"> y sus herramientas de Inteligencia Accionable ayudan a alcanzar este desaf\u00edo.<\/span><\/p><\/div><\/div><\/div><\/div>\t\t\t\t\t\t\t\t<\/div>\n\t\t\t\t<\/div>\n\t\t\t\t\t<\/div>\n\t\t<\/div>\n\t\t\t\t\t<\/div>\n\t\t<\/section>\n\t\t\t\t<section class=\"elementor-section elementor-top-section elementor-element elementor-element-3021bfe elementor-section-boxed elementor-section-height-default elementor-section-height-default\" data-id=\"3021bfe\" data-element_type=\"section\">\n\t\t\t\t\t\t<div class=\"elementor-container elementor-column-gap-default\">\n\t\t\t\t\t<div class=\"elementor-column elementor-col-33 elementor-top-column elementor-element elementor-element-5f88382\" data-id=\"5f88382\" data-element_type=\"column\">\n\t\t\t<div class=\"elementor-widget-wrap elementor-element-populated\">\n\t\t\t\t\t\t<div class=\"elementor-element elementor-element-b4e0f44 elementor-widget elementor-widget-text-editor\" data-id=\"b4e0f44\" data-element_type=\"widget\" data-widget_type=\"text-editor.default\">\n\t\t\t\t<div class=\"elementor-widget-container\">\n\t\t\t\t\t\t\t\t\t<div class=\"page\" title=\"Page 2\"><div class=\"section\"><div class=\"layoutArea\"><div class=\"column\"><p>Soluci\u00f3n<\/p><\/div><\/div><\/div><\/div>\t\t\t\t\t\t\t\t<\/div>\n\t\t\t\t<\/div>\n\t\t\t\t\t<\/div>\n\t\t<\/div>\n\t\t\t\t<div class=\"elementor-column elementor-col-66 elementor-top-column elementor-element elementor-element-01e79dd\" data-id=\"01e79dd\" data-element_type=\"column\">\n\t\t\t<div class=\"elementor-widget-wrap elementor-element-populated\">\n\t\t\t\t\t\t<div class=\"elementor-element elementor-element-024b115 elementor-widget elementor-widget-text-editor\" data-id=\"024b115\" data-element_type=\"widget\" data-widget_type=\"text-editor.default\">\n\t\t\t\t<div class=\"elementor-widget-container\">\n\t\t\t\t\t\t\t\t\t<div class=\"page\" title=\"Page 4\"><div class=\"section\"><div class=\"layoutArea\"><div class=\"column\"><p>Nuestro mayor valor agregado es que la comunidad universitaria se sienta protegida en el campus. Adicionalmente, saber qui\u00e9n es cada persona que est\u00e1 dentro del campus.\u00a0<\/p><p>Cuidamos el recinto, los activos y, lo m\u00e1s importante de todo, a las personas que trabajan y estudian en el campus.\u00a0<\/p><p>Hacemos gesti\u00f3n de personas y veh\u00edculos, e incorporamos formas efectivas de evitar incidentes y robos, a trav\u00e9s de un proceso de respuesta de emergencia r\u00e1pido y eficaz. Incorporamos procedimientos veloces y bien estructurados ante emergencias como incendios, accidentes, urgencias m\u00e9dicas, etc. Vigilamos 24&#215;7 el edificio y sus dependencias, cuidando los activos cr\u00edticos y el edificio mismo, incluyendo protecci\u00f3n perimetral para evitar entradas no permitidas a trav\u00e9s de lugares que no son accesos formales.<\/p><\/div><\/div><\/div><\/div>\t\t\t\t\t\t\t\t<\/div>\n\t\t\t\t<\/div>\n\t\t\t\t\t<\/div>\n\t\t<\/div>\n\t\t\t\t\t<\/div>\n\t\t<\/section>\n\t\t\t\t<section class=\"elementor-section elementor-top-section elementor-element elementor-element-e76b9cc elementor-section-boxed elementor-section-height-default elementor-section-height-default\" data-id=\"e76b9cc\" data-element_type=\"section\">\n\t\t\t\t\t\t<div class=\"elementor-container elementor-column-gap-default\">\n\t\t\t\t\t<div class=\"elementor-column elementor-col-33 elementor-top-column elementor-element elementor-element-c9892d5\" data-id=\"c9892d5\" data-element_type=\"column\">\n\t\t\t<div class=\"elementor-widget-wrap elementor-element-populated\">\n\t\t\t\t\t\t<div class=\"elementor-element elementor-element-ae7b734 elementor-widget elementor-widget-text-editor\" data-id=\"ae7b734\" data-element_type=\"widget\" data-widget_type=\"text-editor.default\">\n\t\t\t\t<div class=\"elementor-widget-container\">\n\t\t\t\t\t\t\t\t\t<div class=\"page\" title=\"Page 2\"><div class=\"section\"><div class=\"layoutArea\"><div class=\"column\"><p>Plataforma<\/p><\/div><\/div><\/div><\/div>\t\t\t\t\t\t\t\t<\/div>\n\t\t\t\t<\/div>\n\t\t\t\t\t<\/div>\n\t\t<\/div>\n\t\t\t\t<div class=\"elementor-column elementor-col-66 elementor-top-column elementor-element elementor-element-891401a\" data-id=\"891401a\" data-element_type=\"column\">\n\t\t\t<div class=\"elementor-widget-wrap elementor-element-populated\">\n\t\t\t\t\t\t<div class=\"elementor-element elementor-element-dbbf46a elementor-widget elementor-widget-text-editor\" data-id=\"dbbf46a\" data-element_type=\"widget\" data-widget_type=\"text-editor.default\">\n\t\t\t\t<div class=\"elementor-widget-container\">\n\t\t\t\t\t\t\t\t\t<div title=\"Page 4\"><p>Participamos activamente en la modernizaci\u00f3n de la educaci\u00f3n con la ayuda de Inteligencia Artificial en video, reconocimiento biom\u00e9trico y tecnolog\u00eda IoT, creando un entorno educativo seguro y confortable para los estudiantes.\u00a0<\/p><p>Monitoreo en tiempo real, control de accesos, toma de temperatura, control de aforo y personas autorizadas, son algunas de las herramientas que utilizamos dentro de nuestro proceso.\u00a0<\/p><p>A trav\u00e9s de la seguridad inteligente, de la ense\u00f1anza inteligente y de la aplicaci\u00f3n de Big Data del campus, se logran integrar completamente y de forma arm\u00f3nica tres elementos: la ense\u00f1anza, la gesti\u00f3n del campus y la vida en \u00e9l. De esta manera se logra construir un campus inteligente.<\/p><\/div>\t\t\t\t\t\t\t\t<\/div>\n\t\t\t\t<\/div>\n\t\t\t\t\t<\/div>\n\t\t<\/div>\n\t\t\t\t\t<\/div>\n\t\t<\/section>\n\t\t\t\t<\/div>\n\t\t","protected":false},"excerpt":{"rendered":"<p>Educaci\u00f3n Creando entornos de aprendizaje y de trabajo que sean seguros y confortables https:\/\/btianalytics.ai\/wp-content\/uploads\/2021\/12\/CAM-EDUCACIO\u0301N__-1.mp4 Introducci\u00f3n Los estudiantes hoy en d\u00eda esperan aprender y desenvolverse en entornos seguros, saludables y c\u00f3modos. Lo mismo ocurre para los docentes y el personal administrativo que trabaja en esos lugares.\u00a0 En los distintos campus, los encargados enfrentan un gran desaf\u00edo: [&hellip;]<\/p>\n","protected":false},"author":1,"featured_media":0,"parent":379,"menu_order":0,"comment_status":"closed","ping_status":"closed","template":"","meta":{"site-sidebar-layout":"no-sidebar","site-content-layout":"page-builder","ast-site-content-layout":"","site-content-style":"default","site-sidebar-style":"default","ast-global-header-display":"","ast-banner-title-visibility":"","ast-main-header-display":"","ast-hfb-above-header-display":"","ast-hfb-below-header-display":"","ast-hfb-mobile-header-display":"","site-post-title":"disabled","ast-breadcrumbs-content":"","ast-featured-img":"disabled","footer-sml-layout":"","theme-transparent-header-meta":"default","adv-header-id-meta":"","stick-header-meta":"","header-above-stick-meta":"","header-main-stick-meta":"","header-below-stick-meta":"","astra-migrate-meta-layouts":"default","ast-page-background-enabled":"default","ast-page-background-meta":{"desktop":{"background-color":"var(--ast-global-color-4)","background-image":"","background-repeat":"repeat","background-position":"center center","background-size":"auto","background-attachment":"scroll","background-type":"","background-media":"","overlay-type":"","overlay-color":"","overlay-opacity":"","overlay-gradient":""},"tablet":{"background-color":"","background-image":"","background-repeat":"repeat","background-position":"center center","background-size":"auto","background-attachment":"scroll","background-type":"","background-media":"","overlay-type":"","overlay-color":"","overlay-opacity":"","overlay-gradient":""},"mobile":{"background-color":"","background-image":"","background-repeat":"repeat","background-position":"center center","background-size":"auto","background-attachment":"scroll","background-type":"","background-media":"","overlay-type":"","overlay-color":"","overlay-opacity":"","overlay-gradient":""}},"ast-content-background-meta":{"desktop":{"background-color":"var(--ast-global-color-5)","background-image":"","background-repeat":"repeat","background-position":"center center","background-size":"auto","background-attachment":"scroll","background-type":"","background-media":"","overlay-type":"","overlay-color":"","overlay-opacity":"","overlay-gradient":""},"tablet":{"background-color":"var(--ast-global-color-5)","background-image":"","background-repeat":"repeat","background-position":"center center","background-size":"auto","background-attachment":"scroll","background-type":"","background-media":"","overlay-type":"","overlay-color":"","overlay-opacity":"","overlay-gradient":""},"mobile":{"background-color":"var(--ast-global-color-5)","background-image":"","background-repeat":"repeat","background-position":"center center","background-size":"auto","background-attachment":"scroll","background-type":"","background-media":"","overlay-type":"","overlay-color":"","overlay-opacity":"","overlay-gradient":""}},"footnotes":""},"class_list":["post-333","page","type-page","status-publish","hentry"],"yoast_head":"<!-- This site is optimized with the Yoast SEO plugin v26.9 - https:\/\/yoast.com\/product\/yoast-seo-wordpress\/ -->\n<title>Educaci\u00f3n - BTI Analytics<\/title>\n<meta name=\"robots\" content=\"index, follow, max-snippet:-1, max-image-preview:large, max-video-preview:-1\" \/>\n<link rel=\"canonical\" href=\"https:\/\/btianalytics.ai\/es\/industrias\/educacion\/\" \/>\n<meta property=\"og:locale\" content=\"es_ES\" \/>\n<meta property=\"og:type\" content=\"article\" \/>\n<meta property=\"og:title\" content=\"Educaci\u00f3n - BTI Analytics\" \/>\n<meta property=\"og:description\" content=\"Educaci\u00f3n Creando entornos de aprendizaje y de trabajo que sean seguros y confortables https:\/\/btianalytics.ai\/wp-content\/uploads\/2021\/12\/CAM-EDUCACIO\u0301N__-1.mp4 Introducci\u00f3n Los estudiantes hoy en d\u00eda esperan aprender y desenvolverse en entornos seguros, saludables y c\u00f3modos. Lo mismo ocurre para los docentes y el personal administrativo que trabaja en esos lugares.\u00a0 En los distintos campus, los encargados enfrentan un gran desaf\u00edo: [&hellip;]\" \/>\n<meta property=\"og:url\" content=\"https:\/\/btianalytics.ai\/es\/industrias\/educacion\/\" \/>\n<meta property=\"og:site_name\" content=\"BTI Analytics\" \/>\n<meta property=\"article:modified_time\" content=\"2021-12-13T13:10:37+00:00\" \/>\n<meta name=\"twitter:card\" content=\"summary_large_image\" \/>\n<meta name=\"twitter:label1\" content=\"Tiempo de lectura\" \/>\n\t<meta name=\"twitter:data1\" content=\"2 minutos\" \/>\n<script type=\"application\/ld+json\" class=\"yoast-schema-graph\">{\"@context\":\"https:\/\/schema.org\",\"@graph\":[{\"@type\":\"WebPage\",\"@id\":\"https:\/\/btianalytics.ai\/es\/industrias\/educacion\/\",\"url\":\"https:\/\/btianalytics.ai\/es\/industrias\/educacion\/\",\"name\":\"Educaci\u00f3n - BTI Analytics\",\"isPartOf\":{\"@id\":\"https:\/\/btianalytics.ai\/#website\"},\"datePublished\":\"2021-11-05T12:55:55+00:00\",\"dateModified\":\"2021-12-13T13:10:37+00:00\",\"breadcrumb\":{\"@id\":\"https:\/\/btianalytics.ai\/es\/industrias\/educacion\/#breadcrumb\"},\"inLanguage\":\"es\",\"potentialAction\":[{\"@type\":\"ReadAction\",\"target\":[\"https:\/\/btianalytics.ai\/es\/industrias\/educacion\/\"]}]},{\"@type\":\"BreadcrumbList\",\"@id\":\"https:\/\/btianalytics.ai\/es\/industrias\/educacion\/#breadcrumb\",\"itemListElement\":[{\"@type\":\"ListItem\",\"position\":1,\"name\":\"Home\",\"item\":\"https:\/\/btianalytics.ai\/es\/\"},{\"@type\":\"ListItem\",\"position\":2,\"name\":\"Industrias\",\"item\":\"https:\/\/btianalytics.ai\/es\/industrias\/\"},{\"@type\":\"ListItem\",\"position\":3,\"name\":\"Educaci\u00f3n\"}]},{\"@type\":\"WebSite\",\"@id\":\"https:\/\/btianalytics.ai\/#website\",\"url\":\"https:\/\/btianalytics.ai\/\",\"name\":\"BTI Analytics\",\"description\":\"Captures What Really Matters\",\"publisher\":{\"@id\":\"https:\/\/btianalytics.ai\/#organization\"},\"potentialAction\":[{\"@type\":\"SearchAction\",\"target\":{\"@type\":\"EntryPoint\",\"urlTemplate\":\"https:\/\/btianalytics.ai\/?s={search_term_string}\"},\"query-input\":{\"@type\":\"PropertyValueSpecification\",\"valueRequired\":true,\"valueName\":\"search_term_string\"}}],\"inLanguage\":\"es\"},{\"@type\":\"Organization\",\"@id\":\"https:\/\/btianalytics.ai\/#organization\",\"name\":\"BTI Analytics\",\"url\":\"https:\/\/btianalytics.ai\/\",\"logo\":{\"@type\":\"ImageObject\",\"inLanguage\":\"es\",\"@id\":\"https:\/\/btianalytics.ai\/#\/schema\/logo\/image\/\",\"url\":\"https:\/\/btianalytics.ai\/wp-content\/uploads\/2021\/11\/favicon.jpg\",\"contentUrl\":\"https:\/\/btianalytics.ai\/wp-content\/uploads\/2021\/11\/favicon.jpg\",\"width\":400,\"height\":400,\"caption\":\"BTI Analytics\"},\"image\":{\"@id\":\"https:\/\/btianalytics.ai\/#\/schema\/logo\/image\/\"}}]}<\/script>\n<!-- \/ Yoast SEO plugin. -->","yoast_head_json":{"title":"Educaci\u00f3n - BTI Analytics","robots":{"index":"index","follow":"follow","max-snippet":"max-snippet:-1","max-image-preview":"max-image-preview:large","max-video-preview":"max-video-preview:-1"},"canonical":"https:\/\/btianalytics.ai\/es\/industrias\/educacion\/","og_locale":"es_ES","og_type":"article","og_title":"Educaci\u00f3n - BTI Analytics","og_description":"Educaci\u00f3n Creando entornos de aprendizaje y de trabajo que sean seguros y confortables https:\/\/btianalytics.ai\/wp-content\/uploads\/2021\/12\/CAM-EDUCACIO\u0301N__-1.mp4 Introducci\u00f3n Los estudiantes hoy en d\u00eda esperan aprender y desenvolverse en entornos seguros, saludables y c\u00f3modos. Lo mismo ocurre para los docentes y el personal administrativo que trabaja en esos lugares.\u00a0 En los distintos campus, los encargados enfrentan un gran desaf\u00edo: [&hellip;]","og_url":"https:\/\/btianalytics.ai\/es\/industrias\/educacion\/","og_site_name":"BTI Analytics","article_modified_time":"2021-12-13T13:10:37+00:00","twitter_card":"summary_large_image","twitter_misc":{"Tiempo de lectura":"2 minutos"},"schema":{"@context":"https:\/\/schema.org","@graph":[{"@type":"WebPage","@id":"https:\/\/btianalytics.ai\/es\/industrias\/educacion\/","url":"https:\/\/btianalytics.ai\/es\/industrias\/educacion\/","name":"Educaci\u00f3n - BTI Analytics","isPartOf":{"@id":"https:\/\/btianalytics.ai\/#website"},"datePublished":"2021-11-05T12:55:55+00:00","dateModified":"2021-12-13T13:10:37+00:00","breadcrumb":{"@id":"https:\/\/btianalytics.ai\/es\/industrias\/educacion\/#breadcrumb"},"inLanguage":"es","potentialAction":[{"@type":"ReadAction","target":["https:\/\/btianalytics.ai\/es\/industrias\/educacion\/"]}]},{"@type":"BreadcrumbList","@id":"https:\/\/btianalytics.ai\/es\/industrias\/educacion\/#breadcrumb","itemListElement":[{"@type":"ListItem","position":1,"name":"Home","item":"https:\/\/btianalytics.ai\/es\/"},{"@type":"ListItem","position":2,"name":"Industrias","item":"https:\/\/btianalytics.ai\/es\/industrias\/"},{"@type":"ListItem","position":3,"name":"Educaci\u00f3n"}]},{"@type":"WebSite","@id":"https:\/\/btianalytics.ai\/#website","url":"https:\/\/btianalytics.ai\/","name":"BTI Analytics","description":"Captures What Really Matters","publisher":{"@id":"https:\/\/btianalytics.ai\/#organization"},"potentialAction":[{"@type":"SearchAction","target":{"@type":"EntryPoint","urlTemplate":"https:\/\/btianalytics.ai\/?s={search_term_string}"},"query-input":{"@type":"PropertyValueSpecification","valueRequired":true,"valueName":"search_term_string"}}],"inLanguage":"es"},{"@type":"Organization","@id":"https:\/\/btianalytics.ai\/#organization","name":"BTI Analytics","url":"https:\/\/btianalytics.ai\/","logo":{"@type":"ImageObject","inLanguage":"es","@id":"https:\/\/btianalytics.ai\/#\/schema\/logo\/image\/","url":"https:\/\/btianalytics.ai\/wp-content\/uploads\/2021\/11\/favicon.jpg","contentUrl":"https:\/\/btianalytics.ai\/wp-content\/uploads\/2021\/11\/favicon.jpg","width":400,"height":400,"caption":"BTI Analytics"},"image":{"@id":"https:\/\/btianalytics.ai\/#\/schema\/logo\/image\/"}}]}},"_links":{"self":[{"href":"https:\/\/btianalytics.ai\/es\/wp-json\/wp\/v2\/pages\/333","targetHints":{"allow":["GET"]}}],"collection":[{"href":"https:\/\/btianalytics.ai\/es\/wp-json\/wp\/v2\/pages"}],"about":[{"href":"https:\/\/btianalytics.ai\/es\/wp-json\/wp\/v2\/types\/page"}],"author":[{"embeddable":true,"href":"https:\/\/btianalytics.ai\/es\/wp-json\/wp\/v2\/users\/1"}],"replies":[{"embeddable":true,"href":"https:\/\/btianalytics.ai\/es\/wp-json\/wp\/v2\/comments?post=333"}],"version-history":[{"count":5,"href":"https:\/\/btianalytics.ai\/es\/wp-json\/wp\/v2\/pages\/333\/revisions"}],"predecessor-version":[{"id":3177,"href":"https:\/\/btianalytics.ai\/es\/wp-json\/wp\/v2\/pages\/333\/revisions\/3177"}],"up":[{"embeddable":true,"href":"https:\/\/btianalytics.ai\/es\/wp-json\/wp\/v2\/pages\/379"}],"wp:attachment":[{"href":"https:\/\/btianalytics.ai\/es\/wp-json\/wp\/v2\/media?parent=333"}],"curies":[{"name":"wp","href":"https:\/\/api.w.org\/{rel}","templated":true}]}}