{"id":238,"date":"2021-11-03T22:42:28","date_gmt":"2021-11-03T22:42:28","guid":{"rendered":"http:\/\/box2254.temp.domains\/~transhua\/btianalytics\/?page_id=238"},"modified":"2021-12-13T22:00:28","modified_gmt":"2021-12-13T22:00:28","slug":"accesos-ai","status":"publish","type":"page","link":"https:\/\/btianalytics.ai\/es\/soluciones\/accesos-ai\/","title":{"rendered":"Accesos AI"},"content":{"rendered":"\t\t<div data-elementor-type=\"wp-page\" data-elementor-id=\"238\" class=\"elementor elementor-238\" data-elementor-post-type=\"page\">\n\t\t\t\t\t\t<section class=\"elementor-section elementor-top-section elementor-element elementor-element-7a58ab94 elementor-section-boxed elementor-section-height-default elementor-section-height-default\" data-id=\"7a58ab94\" data-element_type=\"section\">\n\t\t\t\t\t\t<div class=\"elementor-container elementor-column-gap-default\">\n\t\t\t\t\t<div class=\"elementor-column elementor-col-100 elementor-top-column elementor-element elementor-element-22fbb12b\" data-id=\"22fbb12b\" data-element_type=\"column\">\n\t\t\t<div class=\"elementor-widget-wrap elementor-element-populated\">\n\t\t\t\t\t\t<div class=\"elementor-element elementor-element-734b7514 elementor-widget elementor-widget-heading\" data-id=\"734b7514\" data-element_type=\"widget\" data-widget_type=\"heading.default\">\n\t\t\t\t<div class=\"elementor-widget-container\">\n\t\t\t\t\t<h2 class=\"elementor-heading-title elementor-size-default\">Accesos AI, protege tus accesos f\u00edsicos<\/h2>\t\t\t\t<\/div>\n\t\t\t\t<\/div>\n\t\t\t\t\t<\/div>\n\t\t<\/div>\n\t\t\t\t\t<\/div>\n\t\t<\/section>\n\t\t\t\t<section class=\"elementor-section elementor-top-section elementor-element elementor-element-5477adee elementor-section-boxed elementor-section-height-default elementor-section-height-default\" data-id=\"5477adee\" data-element_type=\"section\">\n\t\t\t\t\t\t<div class=\"elementor-container elementor-column-gap-no\">\n\t\t\t\t\t<div class=\"elementor-column elementor-col-100 elementor-top-column elementor-element elementor-element-11fe0449\" data-id=\"11fe0449\" data-element_type=\"column\">\n\t\t\t<div class=\"elementor-widget-wrap elementor-element-populated\">\n\t\t\t\t\t\t<div class=\"elementor-element elementor-element-3a9b3dac elementor-widget elementor-widget-image\" data-id=\"3a9b3dac\" data-element_type=\"widget\" data-widget_type=\"image.default\">\n\t\t\t\t<div class=\"elementor-widget-container\">\n\t\t\t\t\t\t\t\t\t\t\t\t\t\t\t<img fetchpriority=\"high\" decoding=\"async\" width=\"1027\" height=\"555\" src=\"https:\/\/btianalytics.ai\/wp-content\/uploads\/2021\/12\/ia.jpg\" class=\"attachment-full size-full wp-image-2654\" alt=\"\" srcset=\"https:\/\/btianalytics.ai\/wp-content\/uploads\/2021\/12\/ia.jpg 1027w, https:\/\/btianalytics.ai\/wp-content\/uploads\/2021\/12\/ia-300x162.jpg 300w, https:\/\/btianalytics.ai\/wp-content\/uploads\/2021\/12\/ia-1024x553.jpg 1024w, https:\/\/btianalytics.ai\/wp-content\/uploads\/2021\/12\/ia-768x415.jpg 768w\" sizes=\"(max-width: 1027px) 100vw, 1027px\" \/>\t\t\t\t\t\t\t\t\t\t\t\t\t\t\t<\/div>\n\t\t\t\t<\/div>\n\t\t\t\t\t<\/div>\n\t\t<\/div>\n\t\t\t\t\t<\/div>\n\t\t<\/section>\n\t\t\t\t<section class=\"elementor-section elementor-top-section elementor-element elementor-element-81bdbdd elementor-section-boxed elementor-section-height-default elementor-section-height-default\" data-id=\"81bdbdd\" data-element_type=\"section\">\n\t\t\t\t\t\t<div class=\"elementor-container elementor-column-gap-default\">\n\t\t\t\t\t<div class=\"elementor-column elementor-col-33 elementor-top-column elementor-element elementor-element-052d45b\" data-id=\"052d45b\" data-element_type=\"column\">\n\t\t\t<div class=\"elementor-widget-wrap elementor-element-populated\">\n\t\t\t\t\t\t<div class=\"elementor-element elementor-element-51e89d9 elementor-hidden-mobile elementor-widget elementor-widget-text-editor\" data-id=\"51e89d9\" data-element_type=\"widget\" data-widget_type=\"text-editor.default\">\n\t\t\t\t<div class=\"elementor-widget-container\">\n\t\t\t\t\t\t\t\t\t<div class=\"page\" title=\"Page 2\"><div class=\"section\"><div class=\"layoutArea\"><div class=\"column\"><p>Accesos AI<\/p><\/div><\/div><\/div><\/div>\t\t\t\t\t\t\t\t<\/div>\n\t\t\t\t<\/div>\n\t\t\t\t\t<\/div>\n\t\t<\/div>\n\t\t\t\t<div class=\"elementor-column elementor-col-66 elementor-top-column elementor-element elementor-element-8ed40d0\" data-id=\"8ed40d0\" data-element_type=\"column\">\n\t\t\t<div class=\"elementor-widget-wrap elementor-element-populated\">\n\t\t\t\t\t\t<div class=\"elementor-element elementor-element-2c7bb09f elementor-widget elementor-widget-text-editor\" data-id=\"2c7bb09f\" data-element_type=\"widget\" data-widget_type=\"text-editor.default\">\n\t\t\t\t<div class=\"elementor-widget-container\">\n\t\t\t\t\t\t\t\t\t<div class=\"page\" title=\"Page 4\"><div class=\"section\"><div class=\"layoutArea\"><div class=\"column\"><p>Nuestra soluci\u00f3n de Accesos IA ayuda a <strong>proteger los puntos de acceso f\u00edsicos<\/strong> de una organizaci\u00f3n, al identificar tanto al personal autorizado como a las distintas personas de inter\u00e9s en tiempo real.\u00a0<\/p><p>Nuestra plataforma <span style=\"color: #2dbd54;\">SYNAPSE<\/span> optimiza y conecta el punto de control de acceso sin contacto f\u00edsico, adem\u00e1s de la video vigilancia y las alertas. La misma plataforma genera informaci\u00f3n operativa que incluye an\u00e1lisis de ocupaci\u00f3n, conteo de personas, control de temperatura y tiempo de permanencia, as\u00ed como tambien identifica comportamientos potencialmente peligrosos.<\/p><\/div><\/div><\/div><\/div>\t\t\t\t\t\t\t\t<\/div>\n\t\t\t\t<\/div>\n\t\t\t\t\t<\/div>\n\t\t<\/div>\n\t\t\t\t\t<\/div>\n\t\t<\/section>\n\t\t\t\t<\/div>\n\t\t","protected":false},"excerpt":{"rendered":"<p>Accesos AI, protege tus accesos f\u00edsicos Accesos AI Nuestra soluci\u00f3n de Accesos IA ayuda a proteger los puntos de acceso f\u00edsicos de una organizaci\u00f3n, al identificar tanto al personal autorizado como a las distintas personas de inter\u00e9s en tiempo real.\u00a0 Nuestra plataforma SYNAPSE optimiza y conecta el punto de control de acceso sin contacto f\u00edsico, [&hellip;]<\/p>\n","protected":false},"author":1,"featured_media":0,"parent":186,"menu_order":0,"comment_status":"closed","ping_status":"closed","template":"","meta":{"site-sidebar-layout":"no-sidebar","site-content-layout":"page-builder","ast-site-content-layout":"","site-content-style":"default","site-sidebar-style":"default","ast-global-header-display":"","ast-banner-title-visibility":"","ast-main-header-display":"","ast-hfb-above-header-display":"","ast-hfb-below-header-display":"","ast-hfb-mobile-header-display":"","site-post-title":"disabled","ast-breadcrumbs-content":"","ast-featured-img":"disabled","footer-sml-layout":"","theme-transparent-header-meta":"default","adv-header-id-meta":"","stick-header-meta":"","header-above-stick-meta":"","header-main-stick-meta":"","header-below-stick-meta":"","astra-migrate-meta-layouts":"default","ast-page-background-enabled":"default","ast-page-background-meta":{"desktop":{"background-color":"var(--ast-global-color-4)","background-image":"","background-repeat":"repeat","background-position":"center center","background-size":"auto","background-attachment":"scroll","background-type":"","background-media":"","overlay-type":"","overlay-color":"","overlay-opacity":"","overlay-gradient":""},"tablet":{"background-color":"","background-image":"","background-repeat":"repeat","background-position":"center center","background-size":"auto","background-attachment":"scroll","background-type":"","background-media":"","overlay-type":"","overlay-color":"","overlay-opacity":"","overlay-gradient":""},"mobile":{"background-color":"","background-image":"","background-repeat":"repeat","background-position":"center center","background-size":"auto","background-attachment":"scroll","background-type":"","background-media":"","overlay-type":"","overlay-color":"","overlay-opacity":"","overlay-gradient":""}},"ast-content-background-meta":{"desktop":{"background-color":"var(--ast-global-color-5)","background-image":"","background-repeat":"repeat","background-position":"center center","background-size":"auto","background-attachment":"scroll","background-type":"","background-media":"","overlay-type":"","overlay-color":"","overlay-opacity":"","overlay-gradient":""},"tablet":{"background-color":"var(--ast-global-color-5)","background-image":"","background-repeat":"repeat","background-position":"center center","background-size":"auto","background-attachment":"scroll","background-type":"","background-media":"","overlay-type":"","overlay-color":"","overlay-opacity":"","overlay-gradient":""},"mobile":{"background-color":"var(--ast-global-color-5)","background-image":"","background-repeat":"repeat","background-position":"center center","background-size":"auto","background-attachment":"scroll","background-type":"","background-media":"","overlay-type":"","overlay-color":"","overlay-opacity":"","overlay-gradient":""}},"footnotes":""},"class_list":["post-238","page","type-page","status-publish","hentry"],"yoast_head":"<!-- This site is optimized with the Yoast SEO plugin v26.9 - https:\/\/yoast.com\/product\/yoast-seo-wordpress\/ -->\n<title>Accesos AI - BTI Analytics<\/title>\n<meta name=\"robots\" content=\"index, follow, max-snippet:-1, max-image-preview:large, max-video-preview:-1\" \/>\n<link rel=\"canonical\" href=\"https:\/\/btianalytics.ai\/es\/soluciones\/accesos-ai\/\" \/>\n<meta property=\"og:locale\" content=\"es_ES\" \/>\n<meta property=\"og:type\" content=\"article\" \/>\n<meta property=\"og:title\" content=\"Accesos AI - BTI Analytics\" \/>\n<meta property=\"og:description\" content=\"Accesos AI, protege tus accesos f\u00edsicos Accesos AI Nuestra soluci\u00f3n de Accesos IA ayuda a proteger los puntos de acceso f\u00edsicos de una organizaci\u00f3n, al identificar tanto al personal autorizado como a las distintas personas de inter\u00e9s en tiempo real.\u00a0 Nuestra plataforma SYNAPSE optimiza y conecta el punto de control de acceso sin contacto f\u00edsico, [&hellip;]\" \/>\n<meta property=\"og:url\" content=\"https:\/\/btianalytics.ai\/es\/soluciones\/accesos-ai\/\" \/>\n<meta property=\"og:site_name\" content=\"BTI Analytics\" \/>\n<meta property=\"article:modified_time\" content=\"2021-12-13T22:00:28+00:00\" \/>\n<meta property=\"og:image\" content=\"https:\/\/btianalytics.ai\/wp-content\/uploads\/2021\/12\/ia.jpg\" \/>\n<meta name=\"twitter:card\" content=\"summary_large_image\" \/>\n<meta name=\"twitter:label1\" content=\"Tiempo de lectura\" \/>\n\t<meta name=\"twitter:data1\" content=\"1 minuto\" \/>\n<script type=\"application\/ld+json\" class=\"yoast-schema-graph\">{\"@context\":\"https:\/\/schema.org\",\"@graph\":[{\"@type\":\"WebPage\",\"@id\":\"https:\/\/btianalytics.ai\/es\/soluciones\/accesos-ai\/\",\"url\":\"https:\/\/btianalytics.ai\/es\/soluciones\/accesos-ai\/\",\"name\":\"Accesos AI - BTI Analytics\",\"isPartOf\":{\"@id\":\"https:\/\/btianalytics.ai\/#website\"},\"primaryImageOfPage\":{\"@id\":\"https:\/\/btianalytics.ai\/es\/soluciones\/accesos-ai\/#primaryimage\"},\"image\":{\"@id\":\"https:\/\/btianalytics.ai\/es\/soluciones\/accesos-ai\/#primaryimage\"},\"thumbnailUrl\":\"https:\/\/btianalytics.ai\/wp-content\/uploads\/2021\/12\/ia.jpg\",\"datePublished\":\"2021-11-03T22:42:28+00:00\",\"dateModified\":\"2021-12-13T22:00:28+00:00\",\"breadcrumb\":{\"@id\":\"https:\/\/btianalytics.ai\/es\/soluciones\/accesos-ai\/#breadcrumb\"},\"inLanguage\":\"es\",\"potentialAction\":[{\"@type\":\"ReadAction\",\"target\":[\"https:\/\/btianalytics.ai\/es\/soluciones\/accesos-ai\/\"]}]},{\"@type\":\"ImageObject\",\"inLanguage\":\"es\",\"@id\":\"https:\/\/btianalytics.ai\/es\/soluciones\/accesos-ai\/#primaryimage\",\"url\":\"https:\/\/btianalytics.ai\/wp-content\/uploads\/2021\/12\/ia.jpg\",\"contentUrl\":\"https:\/\/btianalytics.ai\/wp-content\/uploads\/2021\/12\/ia.jpg\"},{\"@type\":\"BreadcrumbList\",\"@id\":\"https:\/\/btianalytics.ai\/es\/soluciones\/accesos-ai\/#breadcrumb\",\"itemListElement\":[{\"@type\":\"ListItem\",\"position\":1,\"name\":\"Home\",\"item\":\"https:\/\/btianalytics.ai\/es\/\"},{\"@type\":\"ListItem\",\"position\":2,\"name\":\"Soluciones\",\"item\":\"https:\/\/btianalytics.ai\/es\/soluciones\/\"},{\"@type\":\"ListItem\",\"position\":3,\"name\":\"Accesos AI\"}]},{\"@type\":\"WebSite\",\"@id\":\"https:\/\/btianalytics.ai\/#website\",\"url\":\"https:\/\/btianalytics.ai\/\",\"name\":\"BTI Analytics\",\"description\":\"Captures What Really Matters\",\"publisher\":{\"@id\":\"https:\/\/btianalytics.ai\/#organization\"},\"potentialAction\":[{\"@type\":\"SearchAction\",\"target\":{\"@type\":\"EntryPoint\",\"urlTemplate\":\"https:\/\/btianalytics.ai\/?s={search_term_string}\"},\"query-input\":{\"@type\":\"PropertyValueSpecification\",\"valueRequired\":true,\"valueName\":\"search_term_string\"}}],\"inLanguage\":\"es\"},{\"@type\":\"Organization\",\"@id\":\"https:\/\/btianalytics.ai\/#organization\",\"name\":\"BTI Analytics\",\"url\":\"https:\/\/btianalytics.ai\/\",\"logo\":{\"@type\":\"ImageObject\",\"inLanguage\":\"es\",\"@id\":\"https:\/\/btianalytics.ai\/#\/schema\/logo\/image\/\",\"url\":\"https:\/\/btianalytics.ai\/wp-content\/uploads\/2021\/11\/favicon.jpg\",\"contentUrl\":\"https:\/\/btianalytics.ai\/wp-content\/uploads\/2021\/11\/favicon.jpg\",\"width\":400,\"height\":400,\"caption\":\"BTI Analytics\"},\"image\":{\"@id\":\"https:\/\/btianalytics.ai\/#\/schema\/logo\/image\/\"}}]}<\/script>\n<!-- \/ Yoast SEO plugin. -->","yoast_head_json":{"title":"Accesos AI - BTI Analytics","robots":{"index":"index","follow":"follow","max-snippet":"max-snippet:-1","max-image-preview":"max-image-preview:large","max-video-preview":"max-video-preview:-1"},"canonical":"https:\/\/btianalytics.ai\/es\/soluciones\/accesos-ai\/","og_locale":"es_ES","og_type":"article","og_title":"Accesos AI - BTI Analytics","og_description":"Accesos AI, protege tus accesos f\u00edsicos Accesos AI Nuestra soluci\u00f3n de Accesos IA ayuda a proteger los puntos de acceso f\u00edsicos de una organizaci\u00f3n, al identificar tanto al personal autorizado como a las distintas personas de inter\u00e9s en tiempo real.\u00a0 Nuestra plataforma SYNAPSE optimiza y conecta el punto de control de acceso sin contacto f\u00edsico, [&hellip;]","og_url":"https:\/\/btianalytics.ai\/es\/soluciones\/accesos-ai\/","og_site_name":"BTI Analytics","article_modified_time":"2021-12-13T22:00:28+00:00","og_image":[{"url":"https:\/\/btianalytics.ai\/wp-content\/uploads\/2021\/12\/ia.jpg","type":"","width":"","height":""}],"twitter_card":"summary_large_image","twitter_misc":{"Tiempo de lectura":"1 minuto"},"schema":{"@context":"https:\/\/schema.org","@graph":[{"@type":"WebPage","@id":"https:\/\/btianalytics.ai\/es\/soluciones\/accesos-ai\/","url":"https:\/\/btianalytics.ai\/es\/soluciones\/accesos-ai\/","name":"Accesos AI - BTI Analytics","isPartOf":{"@id":"https:\/\/btianalytics.ai\/#website"},"primaryImageOfPage":{"@id":"https:\/\/btianalytics.ai\/es\/soluciones\/accesos-ai\/#primaryimage"},"image":{"@id":"https:\/\/btianalytics.ai\/es\/soluciones\/accesos-ai\/#primaryimage"},"thumbnailUrl":"https:\/\/btianalytics.ai\/wp-content\/uploads\/2021\/12\/ia.jpg","datePublished":"2021-11-03T22:42:28+00:00","dateModified":"2021-12-13T22:00:28+00:00","breadcrumb":{"@id":"https:\/\/btianalytics.ai\/es\/soluciones\/accesos-ai\/#breadcrumb"},"inLanguage":"es","potentialAction":[{"@type":"ReadAction","target":["https:\/\/btianalytics.ai\/es\/soluciones\/accesos-ai\/"]}]},{"@type":"ImageObject","inLanguage":"es","@id":"https:\/\/btianalytics.ai\/es\/soluciones\/accesos-ai\/#primaryimage","url":"https:\/\/btianalytics.ai\/wp-content\/uploads\/2021\/12\/ia.jpg","contentUrl":"https:\/\/btianalytics.ai\/wp-content\/uploads\/2021\/12\/ia.jpg"},{"@type":"BreadcrumbList","@id":"https:\/\/btianalytics.ai\/es\/soluciones\/accesos-ai\/#breadcrumb","itemListElement":[{"@type":"ListItem","position":1,"name":"Home","item":"https:\/\/btianalytics.ai\/es\/"},{"@type":"ListItem","position":2,"name":"Soluciones","item":"https:\/\/btianalytics.ai\/es\/soluciones\/"},{"@type":"ListItem","position":3,"name":"Accesos AI"}]},{"@type":"WebSite","@id":"https:\/\/btianalytics.ai\/#website","url":"https:\/\/btianalytics.ai\/","name":"BTI Analytics","description":"Captures What Really Matters","publisher":{"@id":"https:\/\/btianalytics.ai\/#organization"},"potentialAction":[{"@type":"SearchAction","target":{"@type":"EntryPoint","urlTemplate":"https:\/\/btianalytics.ai\/?s={search_term_string}"},"query-input":{"@type":"PropertyValueSpecification","valueRequired":true,"valueName":"search_term_string"}}],"inLanguage":"es"},{"@type":"Organization","@id":"https:\/\/btianalytics.ai\/#organization","name":"BTI Analytics","url":"https:\/\/btianalytics.ai\/","logo":{"@type":"ImageObject","inLanguage":"es","@id":"https:\/\/btianalytics.ai\/#\/schema\/logo\/image\/","url":"https:\/\/btianalytics.ai\/wp-content\/uploads\/2021\/11\/favicon.jpg","contentUrl":"https:\/\/btianalytics.ai\/wp-content\/uploads\/2021\/11\/favicon.jpg","width":400,"height":400,"caption":"BTI Analytics"},"image":{"@id":"https:\/\/btianalytics.ai\/#\/schema\/logo\/image\/"}}]}},"_links":{"self":[{"href":"https:\/\/btianalytics.ai\/es\/wp-json\/wp\/v2\/pages\/238","targetHints":{"allow":["GET"]}}],"collection":[{"href":"https:\/\/btianalytics.ai\/es\/wp-json\/wp\/v2\/pages"}],"about":[{"href":"https:\/\/btianalytics.ai\/es\/wp-json\/wp\/v2\/types\/page"}],"author":[{"embeddable":true,"href":"https:\/\/btianalytics.ai\/es\/wp-json\/wp\/v2\/users\/1"}],"replies":[{"embeddable":true,"href":"https:\/\/btianalytics.ai\/es\/wp-json\/wp\/v2\/comments?post=238"}],"version-history":[{"count":5,"href":"https:\/\/btianalytics.ai\/es\/wp-json\/wp\/v2\/pages\/238\/revisions"}],"predecessor-version":[{"id":3249,"href":"https:\/\/btianalytics.ai\/es\/wp-json\/wp\/v2\/pages\/238\/revisions\/3249"}],"up":[{"embeddable":true,"href":"https:\/\/btianalytics.ai\/es\/wp-json\/wp\/v2\/pages\/186"}],"wp:attachment":[{"href":"https:\/\/btianalytics.ai\/es\/wp-json\/wp\/v2\/media?parent=238"}],"curies":[{"name":"wp","href":"https:\/\/api.w.org\/{rel}","templated":true}]}}