{"id":232,"date":"2021-11-03T22:41:34","date_gmt":"2021-11-03T22:41:34","guid":{"rendered":"http:\/\/box2254.temp.domains\/~transhua\/btianalytics\/?page_id=232"},"modified":"2021-12-15T13:31:01","modified_gmt":"2021-12-15T13:31:01","slug":"inteligencia-accionable","status":"publish","type":"page","link":"https:\/\/btianalytics.ai\/es\/soluciones\/inteligencia-accionable\/","title":{"rendered":"Inteligencia Accionable"},"content":{"rendered":"\t\t<div data-elementor-type=\"wp-page\" data-elementor-id=\"232\" class=\"elementor elementor-232\" data-elementor-post-type=\"page\">\n\t\t\t\t\t\t<section class=\"elementor-section elementor-top-section elementor-element elementor-element-4a77669a elementor-section-boxed elementor-section-height-default elementor-section-height-default\" data-id=\"4a77669a\" data-element_type=\"section\">\n\t\t\t\t\t\t<div class=\"elementor-container elementor-column-gap-default\">\n\t\t\t\t\t<div class=\"elementor-column elementor-col-100 elementor-top-column elementor-element elementor-element-37c348a2\" data-id=\"37c348a2\" data-element_type=\"column\">\n\t\t\t<div class=\"elementor-widget-wrap elementor-element-populated\">\n\t\t\t\t\t\t<div class=\"elementor-element elementor-element-66077d85 elementor-widget elementor-widget-heading\" data-id=\"66077d85\" data-element_type=\"widget\" data-widget_type=\"heading.default\">\n\t\t\t\t<div class=\"elementor-widget-container\">\n\t\t\t\t\t<h2 class=\"elementor-heading-title elementor-size-default\">Inteligencia accionable, no s\u00f3lo Artificial<\/h2>\t\t\t\t<\/div>\n\t\t\t\t<\/div>\n\t\t\t\t\t<\/div>\n\t\t<\/div>\n\t\t\t\t\t<\/div>\n\t\t<\/section>\n\t\t\t\t<section class=\"elementor-section elementor-top-section elementor-element elementor-element-1507f895 elementor-section-boxed elementor-section-height-default elementor-section-height-default\" data-id=\"1507f895\" data-element_type=\"section\">\n\t\t\t\t\t\t<div class=\"elementor-container elementor-column-gap-no\">\n\t\t\t\t\t<div class=\"elementor-column elementor-col-100 elementor-top-column elementor-element elementor-element-f458c09\" data-id=\"f458c09\" data-element_type=\"column\">\n\t\t\t<div class=\"elementor-widget-wrap elementor-element-populated\">\n\t\t\t\t\t\t<div class=\"elementor-element elementor-element-41e40c3e elementor-widget elementor-widget-image\" data-id=\"41e40c3e\" data-element_type=\"widget\" data-widget_type=\"image.default\">\n\t\t\t\t<div class=\"elementor-widget-container\">\n\t\t\t\t\t\t\t\t\t\t\t\t\t\t\t<img fetchpriority=\"high\" decoding=\"async\" width=\"1027\" height=\"555\" src=\"https:\/\/btianalytics.ai\/wp-content\/uploads\/2021\/12\/home_3.jpg\" class=\"attachment-full size-full wp-image-3318\" alt=\"\" srcset=\"https:\/\/btianalytics.ai\/wp-content\/uploads\/2021\/12\/home_3.jpg 1027w, https:\/\/btianalytics.ai\/wp-content\/uploads\/2021\/12\/home_3-300x162.jpg 300w, https:\/\/btianalytics.ai\/wp-content\/uploads\/2021\/12\/home_3-1024x553.jpg 1024w, https:\/\/btianalytics.ai\/wp-content\/uploads\/2021\/12\/home_3-768x415.jpg 768w\" sizes=\"(max-width: 1027px) 100vw, 1027px\" \/>\t\t\t\t\t\t\t\t\t\t\t\t\t\t\t<\/div>\n\t\t\t\t<\/div>\n\t\t\t\t\t<\/div>\n\t\t<\/div>\n\t\t\t\t\t<\/div>\n\t\t<\/section>\n\t\t\t\t<section class=\"elementor-section elementor-top-section elementor-element elementor-element-765e40d elementor-section-boxed elementor-section-height-default elementor-section-height-default\" data-id=\"765e40d\" data-element_type=\"section\">\n\t\t\t\t\t\t<div class=\"elementor-container elementor-column-gap-default\">\n\t\t\t\t\t<div class=\"elementor-column elementor-col-33 elementor-top-column elementor-element elementor-element-1b832cb\" data-id=\"1b832cb\" data-element_type=\"column\">\n\t\t\t<div class=\"elementor-widget-wrap elementor-element-populated\">\n\t\t\t\t\t\t<div class=\"elementor-element elementor-element-c356bf1 elementor-hidden-mobile elementor-widget elementor-widget-text-editor\" data-id=\"c356bf1\" data-element_type=\"widget\" data-widget_type=\"text-editor.default\">\n\t\t\t\t<div class=\"elementor-widget-container\">\n\t\t\t\t\t\t\t\t\t<div class=\"page\" title=\"Page 2\"><div class=\"section\"><div class=\"layoutArea\"><div class=\"column\"><p>Inteligencia accionable<\/p><\/div><\/div><\/div><\/div>\t\t\t\t\t\t\t\t<\/div>\n\t\t\t\t<\/div>\n\t\t\t\t\t<\/div>\n\t\t<\/div>\n\t\t\t\t<div class=\"elementor-column elementor-col-66 elementor-top-column elementor-element elementor-element-f4655cb\" data-id=\"f4655cb\" data-element_type=\"column\">\n\t\t\t<div class=\"elementor-widget-wrap elementor-element-populated\">\n\t\t\t\t\t\t<div class=\"elementor-element elementor-element-57120ee9 elementor-widget elementor-widget-text-editor\" data-id=\"57120ee9\" data-element_type=\"widget\" data-widget_type=\"text-editor.default\">\n\t\t\t\t<div class=\"elementor-widget-container\">\n\t\t\t\t\t\t\t\t\t<div class=\"page\" title=\"Page 4\"><div class=\"section\"><div class=\"layoutArea\"><div class=\"column\"><p>La data por s\u00ed sola no sirve de nada cuando no gatilla una acci\u00f3n inmediata. Estos mismos datos pueden convertirse en inteligencia procesable para abordar alguna posible amenaza para el negocio o para las instalaciones. Por eso contamos con las mejores herramientas (tales como Reconocimiento Facial o VMS Recording) para brindar Inteligencia Accionable, que permita ser proactivos ante la ocurrencia de determinados eventos.\u00a0<\/p><p>Nuestra avanzada tecnolog\u00eda capta y concentra los datos. Posteriormente, nuestro modelo de inteligencia artificial y aprendizaje autom\u00e1tico permite contar con una visualizaci\u00f3n intuitiva y eficiente, y as\u00ed <strong>ayudar a crecer su negocio y proteger su \u00abcorebusiness\u00bb<\/strong>.<\/p><p>Asimismo, nuestras soluciones de IA tambi\u00e9n permiten un servicio customizado al cliente para incorporar metodolog\u00edas enfocadas en eficientar los procesos tanto comerciales como operacionales y de seguridad.<\/p><\/div><\/div><\/div><\/div>\t\t\t\t\t\t\t\t<\/div>\n\t\t\t\t<\/div>\n\t\t\t\t\t<\/div>\n\t\t<\/div>\n\t\t\t\t\t<\/div>\n\t\t<\/section>\n\t\t\t\t<section class=\"elementor-section elementor-top-section elementor-element elementor-element-5703df2c elementor-section-boxed elementor-section-height-default elementor-section-height-default\" data-id=\"5703df2c\" data-element_type=\"section\">\n\t\t\t\t\t\t<div class=\"elementor-container elementor-column-gap-default\">\n\t\t\t\t\t<div class=\"elementor-column elementor-col-16 elementor-top-column elementor-element elementor-element-57859656\" data-id=\"57859656\" data-element_type=\"column\">\n\t\t\t<div class=\"elementor-widget-wrap\">\n\t\t\t\t\t\t\t<\/div>\n\t\t<\/div>\n\t\t\t\t<div class=\"elementor-column elementor-col-66 elementor-top-column elementor-element elementor-element-33dec7c9\" data-id=\"33dec7c9\" data-element_type=\"column\">\n\t\t\t<div class=\"elementor-widget-wrap\">\n\t\t\t\t\t\t\t<\/div>\n\t\t<\/div>\n\t\t\t\t<div class=\"elementor-column elementor-col-16 elementor-top-column elementor-element elementor-element-59b1ff6d\" data-id=\"59b1ff6d\" data-element_type=\"column\">\n\t\t\t<div class=\"elementor-widget-wrap\">\n\t\t\t\t\t\t\t<\/div>\n\t\t<\/div>\n\t\t\t\t\t<\/div>\n\t\t<\/section>\n\t\t\t\t<\/div>\n\t\t","protected":false},"excerpt":{"rendered":"<p>Inteligencia accionable, no s\u00f3lo Artificial Inteligencia accionable La data por s\u00ed sola no sirve de nada cuando no gatilla una acci\u00f3n inmediata. Estos mismos datos pueden convertirse en inteligencia procesable para abordar alguna posible amenaza para el negocio o para las instalaciones. Por eso contamos con las mejores herramientas (tales como Reconocimiento Facial o VMS [&hellip;]<\/p>\n","protected":false},"author":1,"featured_media":0,"parent":186,"menu_order":0,"comment_status":"closed","ping_status":"closed","template":"","meta":{"site-sidebar-layout":"no-sidebar","site-content-layout":"page-builder","ast-site-content-layout":"","site-content-style":"default","site-sidebar-style":"default","ast-global-header-display":"","ast-banner-title-visibility":"","ast-main-header-display":"","ast-hfb-above-header-display":"","ast-hfb-below-header-display":"","ast-hfb-mobile-header-display":"","site-post-title":"disabled","ast-breadcrumbs-content":"","ast-featured-img":"disabled","footer-sml-layout":"","theme-transparent-header-meta":"default","adv-header-id-meta":"","stick-header-meta":"","header-above-stick-meta":"","header-main-stick-meta":"","header-below-stick-meta":"","astra-migrate-meta-layouts":"default","ast-page-background-enabled":"default","ast-page-background-meta":{"desktop":{"background-color":"var(--ast-global-color-4)","background-image":"","background-repeat":"repeat","background-position":"center center","background-size":"auto","background-attachment":"scroll","background-type":"","background-media":"","overlay-type":"","overlay-color":"","overlay-opacity":"","overlay-gradient":""},"tablet":{"background-color":"","background-image":"","background-repeat":"repeat","background-position":"center center","background-size":"auto","background-attachment":"scroll","background-type":"","background-media":"","overlay-type":"","overlay-color":"","overlay-opacity":"","overlay-gradient":""},"mobile":{"background-color":"","background-image":"","background-repeat":"repeat","background-position":"center center","background-size":"auto","background-attachment":"scroll","background-type":"","background-media":"","overlay-type":"","overlay-color":"","overlay-opacity":"","overlay-gradient":""}},"ast-content-background-meta":{"desktop":{"background-color":"var(--ast-global-color-5)","background-image":"","background-repeat":"repeat","background-position":"center center","background-size":"auto","background-attachment":"scroll","background-type":"","background-media":"","overlay-type":"","overlay-color":"","overlay-opacity":"","overlay-gradient":""},"tablet":{"background-color":"var(--ast-global-color-5)","background-image":"","background-repeat":"repeat","background-position":"center center","background-size":"auto","background-attachment":"scroll","background-type":"","background-media":"","overlay-type":"","overlay-color":"","overlay-opacity":"","overlay-gradient":""},"mobile":{"background-color":"var(--ast-global-color-5)","background-image":"","background-repeat":"repeat","background-position":"center center","background-size":"auto","background-attachment":"scroll","background-type":"","background-media":"","overlay-type":"","overlay-color":"","overlay-opacity":"","overlay-gradient":""}},"footnotes":""},"class_list":["post-232","page","type-page","status-publish","hentry"],"yoast_head":"<!-- This site is optimized with the Yoast SEO plugin v26.9 - https:\/\/yoast.com\/product\/yoast-seo-wordpress\/ -->\n<title>Inteligencia Accionable - BTI Analytics<\/title>\n<meta name=\"robots\" content=\"index, follow, max-snippet:-1, max-image-preview:large, max-video-preview:-1\" \/>\n<link rel=\"canonical\" href=\"https:\/\/btianalytics.ai\/es\/soluciones\/inteligencia-accionable\/\" \/>\n<meta property=\"og:locale\" content=\"es_ES\" \/>\n<meta property=\"og:type\" content=\"article\" \/>\n<meta property=\"og:title\" content=\"Inteligencia Accionable - BTI Analytics\" \/>\n<meta property=\"og:description\" content=\"Inteligencia accionable, no s\u00f3lo Artificial Inteligencia accionable La data por s\u00ed sola no sirve de nada cuando no gatilla una acci\u00f3n inmediata. Estos mismos datos pueden convertirse en inteligencia procesable para abordar alguna posible amenaza para el negocio o para las instalaciones. Por eso contamos con las mejores herramientas (tales como Reconocimiento Facial o VMS [&hellip;]\" \/>\n<meta property=\"og:url\" content=\"https:\/\/btianalytics.ai\/es\/soluciones\/inteligencia-accionable\/\" \/>\n<meta property=\"og:site_name\" content=\"BTI Analytics\" \/>\n<meta property=\"article:modified_time\" content=\"2021-12-15T13:31:01+00:00\" \/>\n<meta property=\"og:image\" content=\"https:\/\/btianalytics.ai\/wp-content\/uploads\/2021\/12\/home_3.jpg\" \/>\n<meta name=\"twitter:card\" content=\"summary_large_image\" \/>\n<meta name=\"twitter:label1\" content=\"Tiempo de lectura\" \/>\n\t<meta name=\"twitter:data1\" content=\"1 minuto\" \/>\n<script type=\"application\/ld+json\" class=\"yoast-schema-graph\">{\"@context\":\"https:\/\/schema.org\",\"@graph\":[{\"@type\":\"WebPage\",\"@id\":\"https:\/\/btianalytics.ai\/es\/soluciones\/inteligencia-accionable\/\",\"url\":\"https:\/\/btianalytics.ai\/es\/soluciones\/inteligencia-accionable\/\",\"name\":\"Inteligencia Accionable - BTI Analytics\",\"isPartOf\":{\"@id\":\"https:\/\/btianalytics.ai\/#website\"},\"primaryImageOfPage\":{\"@id\":\"https:\/\/btianalytics.ai\/es\/soluciones\/inteligencia-accionable\/#primaryimage\"},\"image\":{\"@id\":\"https:\/\/btianalytics.ai\/es\/soluciones\/inteligencia-accionable\/#primaryimage\"},\"thumbnailUrl\":\"https:\/\/btianalytics.ai\/wp-content\/uploads\/2021\/12\/home_3.jpg\",\"datePublished\":\"2021-11-03T22:41:34+00:00\",\"dateModified\":\"2021-12-15T13:31:01+00:00\",\"breadcrumb\":{\"@id\":\"https:\/\/btianalytics.ai\/es\/soluciones\/inteligencia-accionable\/#breadcrumb\"},\"inLanguage\":\"es\",\"potentialAction\":[{\"@type\":\"ReadAction\",\"target\":[\"https:\/\/btianalytics.ai\/es\/soluciones\/inteligencia-accionable\/\"]}]},{\"@type\":\"ImageObject\",\"inLanguage\":\"es\",\"@id\":\"https:\/\/btianalytics.ai\/es\/soluciones\/inteligencia-accionable\/#primaryimage\",\"url\":\"https:\/\/btianalytics.ai\/wp-content\/uploads\/2021\/12\/home_3.jpg\",\"contentUrl\":\"https:\/\/btianalytics.ai\/wp-content\/uploads\/2021\/12\/home_3.jpg\"},{\"@type\":\"BreadcrumbList\",\"@id\":\"https:\/\/btianalytics.ai\/es\/soluciones\/inteligencia-accionable\/#breadcrumb\",\"itemListElement\":[{\"@type\":\"ListItem\",\"position\":1,\"name\":\"Home\",\"item\":\"https:\/\/btianalytics.ai\/es\/\"},{\"@type\":\"ListItem\",\"position\":2,\"name\":\"Soluciones\",\"item\":\"https:\/\/btianalytics.ai\/es\/soluciones\/\"},{\"@type\":\"ListItem\",\"position\":3,\"name\":\"Inteligencia Accionable\"}]},{\"@type\":\"WebSite\",\"@id\":\"https:\/\/btianalytics.ai\/#website\",\"url\":\"https:\/\/btianalytics.ai\/\",\"name\":\"BTI Analytics\",\"description\":\"Captures What Really Matters\",\"publisher\":{\"@id\":\"https:\/\/btianalytics.ai\/#organization\"},\"potentialAction\":[{\"@type\":\"SearchAction\",\"target\":{\"@type\":\"EntryPoint\",\"urlTemplate\":\"https:\/\/btianalytics.ai\/?s={search_term_string}\"},\"query-input\":{\"@type\":\"PropertyValueSpecification\",\"valueRequired\":true,\"valueName\":\"search_term_string\"}}],\"inLanguage\":\"es\"},{\"@type\":\"Organization\",\"@id\":\"https:\/\/btianalytics.ai\/#organization\",\"name\":\"BTI Analytics\",\"url\":\"https:\/\/btianalytics.ai\/\",\"logo\":{\"@type\":\"ImageObject\",\"inLanguage\":\"es\",\"@id\":\"https:\/\/btianalytics.ai\/#\/schema\/logo\/image\/\",\"url\":\"https:\/\/btianalytics.ai\/wp-content\/uploads\/2021\/11\/favicon.jpg\",\"contentUrl\":\"https:\/\/btianalytics.ai\/wp-content\/uploads\/2021\/11\/favicon.jpg\",\"width\":400,\"height\":400,\"caption\":\"BTI Analytics\"},\"image\":{\"@id\":\"https:\/\/btianalytics.ai\/#\/schema\/logo\/image\/\"}}]}<\/script>\n<!-- \/ Yoast SEO plugin. -->","yoast_head_json":{"title":"Inteligencia Accionable - BTI Analytics","robots":{"index":"index","follow":"follow","max-snippet":"max-snippet:-1","max-image-preview":"max-image-preview:large","max-video-preview":"max-video-preview:-1"},"canonical":"https:\/\/btianalytics.ai\/es\/soluciones\/inteligencia-accionable\/","og_locale":"es_ES","og_type":"article","og_title":"Inteligencia Accionable - BTI Analytics","og_description":"Inteligencia accionable, no s\u00f3lo Artificial Inteligencia accionable La data por s\u00ed sola no sirve de nada cuando no gatilla una acci\u00f3n inmediata. Estos mismos datos pueden convertirse en inteligencia procesable para abordar alguna posible amenaza para el negocio o para las instalaciones. Por eso contamos con las mejores herramientas (tales como Reconocimiento Facial o VMS [&hellip;]","og_url":"https:\/\/btianalytics.ai\/es\/soluciones\/inteligencia-accionable\/","og_site_name":"BTI Analytics","article_modified_time":"2021-12-15T13:31:01+00:00","og_image":[{"url":"https:\/\/btianalytics.ai\/wp-content\/uploads\/2021\/12\/home_3.jpg","type":"","width":"","height":""}],"twitter_card":"summary_large_image","twitter_misc":{"Tiempo de lectura":"1 minuto"},"schema":{"@context":"https:\/\/schema.org","@graph":[{"@type":"WebPage","@id":"https:\/\/btianalytics.ai\/es\/soluciones\/inteligencia-accionable\/","url":"https:\/\/btianalytics.ai\/es\/soluciones\/inteligencia-accionable\/","name":"Inteligencia Accionable - BTI Analytics","isPartOf":{"@id":"https:\/\/btianalytics.ai\/#website"},"primaryImageOfPage":{"@id":"https:\/\/btianalytics.ai\/es\/soluciones\/inteligencia-accionable\/#primaryimage"},"image":{"@id":"https:\/\/btianalytics.ai\/es\/soluciones\/inteligencia-accionable\/#primaryimage"},"thumbnailUrl":"https:\/\/btianalytics.ai\/wp-content\/uploads\/2021\/12\/home_3.jpg","datePublished":"2021-11-03T22:41:34+00:00","dateModified":"2021-12-15T13:31:01+00:00","breadcrumb":{"@id":"https:\/\/btianalytics.ai\/es\/soluciones\/inteligencia-accionable\/#breadcrumb"},"inLanguage":"es","potentialAction":[{"@type":"ReadAction","target":["https:\/\/btianalytics.ai\/es\/soluciones\/inteligencia-accionable\/"]}]},{"@type":"ImageObject","inLanguage":"es","@id":"https:\/\/btianalytics.ai\/es\/soluciones\/inteligencia-accionable\/#primaryimage","url":"https:\/\/btianalytics.ai\/wp-content\/uploads\/2021\/12\/home_3.jpg","contentUrl":"https:\/\/btianalytics.ai\/wp-content\/uploads\/2021\/12\/home_3.jpg"},{"@type":"BreadcrumbList","@id":"https:\/\/btianalytics.ai\/es\/soluciones\/inteligencia-accionable\/#breadcrumb","itemListElement":[{"@type":"ListItem","position":1,"name":"Home","item":"https:\/\/btianalytics.ai\/es\/"},{"@type":"ListItem","position":2,"name":"Soluciones","item":"https:\/\/btianalytics.ai\/es\/soluciones\/"},{"@type":"ListItem","position":3,"name":"Inteligencia Accionable"}]},{"@type":"WebSite","@id":"https:\/\/btianalytics.ai\/#website","url":"https:\/\/btianalytics.ai\/","name":"BTI Analytics","description":"Captures What Really Matters","publisher":{"@id":"https:\/\/btianalytics.ai\/#organization"},"potentialAction":[{"@type":"SearchAction","target":{"@type":"EntryPoint","urlTemplate":"https:\/\/btianalytics.ai\/?s={search_term_string}"},"query-input":{"@type":"PropertyValueSpecification","valueRequired":true,"valueName":"search_term_string"}}],"inLanguage":"es"},{"@type":"Organization","@id":"https:\/\/btianalytics.ai\/#organization","name":"BTI Analytics","url":"https:\/\/btianalytics.ai\/","logo":{"@type":"ImageObject","inLanguage":"es","@id":"https:\/\/btianalytics.ai\/#\/schema\/logo\/image\/","url":"https:\/\/btianalytics.ai\/wp-content\/uploads\/2021\/11\/favicon.jpg","contentUrl":"https:\/\/btianalytics.ai\/wp-content\/uploads\/2021\/11\/favicon.jpg","width":400,"height":400,"caption":"BTI Analytics"},"image":{"@id":"https:\/\/btianalytics.ai\/#\/schema\/logo\/image\/"}}]}},"_links":{"self":[{"href":"https:\/\/btianalytics.ai\/es\/wp-json\/wp\/v2\/pages\/232","targetHints":{"allow":["GET"]}}],"collection":[{"href":"https:\/\/btianalytics.ai\/es\/wp-json\/wp\/v2\/pages"}],"about":[{"href":"https:\/\/btianalytics.ai\/es\/wp-json\/wp\/v2\/types\/page"}],"author":[{"embeddable":true,"href":"https:\/\/btianalytics.ai\/es\/wp-json\/wp\/v2\/users\/1"}],"replies":[{"embeddable":true,"href":"https:\/\/btianalytics.ai\/es\/wp-json\/wp\/v2\/comments?post=232"}],"version-history":[{"count":5,"href":"https:\/\/btianalytics.ai\/es\/wp-json\/wp\/v2\/pages\/232\/revisions"}],"predecessor-version":[{"id":3322,"href":"https:\/\/btianalytics.ai\/es\/wp-json\/wp\/v2\/pages\/232\/revisions\/3322"}],"up":[{"embeddable":true,"href":"https:\/\/btianalytics.ai\/es\/wp-json\/wp\/v2\/pages\/186"}],"wp:attachment":[{"href":"https:\/\/btianalytics.ai\/es\/wp-json\/wp\/v2\/media?parent=232"}],"curies":[{"name":"wp","href":"https:\/\/api.w.org\/{rel}","templated":true}]}}