{"id":226,"date":"2021-11-03T22:39:53","date_gmt":"2021-11-03T22:39:53","guid":{"rendered":"http:\/\/box2254.temp.domains\/~transhua\/btianalytics\/?page_id=226"},"modified":"2021-12-13T22:02:40","modified_gmt":"2021-12-13T22:02:40","slug":"dashboards-kpis","status":"publish","type":"page","link":"https:\/\/btianalytics.ai\/es\/soluciones\/dashboards-kpis\/","title":{"rendered":"Dashboards KPIs"},"content":{"rendered":"\t\t<div data-elementor-type=\"wp-page\" data-elementor-id=\"226\" class=\"elementor elementor-226\" data-elementor-post-type=\"page\">\n\t\t\t\t\t\t<section class=\"elementor-section elementor-top-section elementor-element elementor-element-2c062387 elementor-section-boxed elementor-section-height-default elementor-section-height-default\" data-id=\"2c062387\" data-element_type=\"section\">\n\t\t\t\t\t\t<div class=\"elementor-container elementor-column-gap-default\">\n\t\t\t\t\t<div class=\"elementor-column elementor-col-100 elementor-top-column elementor-element elementor-element-3c6a445b\" data-id=\"3c6a445b\" data-element_type=\"column\">\n\t\t\t<div class=\"elementor-widget-wrap elementor-element-populated\">\n\t\t\t\t\t\t<div class=\"elementor-element elementor-element-33a4d09e elementor-widget elementor-widget-heading\" data-id=\"33a4d09e\" data-element_type=\"widget\" data-widget_type=\"heading.default\">\n\t\t\t\t<div class=\"elementor-widget-container\">\n\t\t\t\t\t<h2 class=\"elementor-heading-title elementor-size-default\">Dashboards de KPI`s customizados<\/h2>\t\t\t\t<\/div>\n\t\t\t\t<\/div>\n\t\t\t\t\t<\/div>\n\t\t<\/div>\n\t\t\t\t\t<\/div>\n\t\t<\/section>\n\t\t\t\t<section class=\"elementor-section elementor-top-section elementor-element elementor-element-2e876132 elementor-section-boxed elementor-section-height-default elementor-section-height-default\" data-id=\"2e876132\" data-element_type=\"section\">\n\t\t\t\t\t\t<div class=\"elementor-container elementor-column-gap-no\">\n\t\t\t\t\t<div class=\"elementor-column elementor-col-100 elementor-top-column elementor-element elementor-element-4c3f15b2\" data-id=\"4c3f15b2\" data-element_type=\"column\">\n\t\t\t<div class=\"elementor-widget-wrap elementor-element-populated\">\n\t\t\t\t\t\t<div class=\"elementor-element elementor-element-6d37606b elementor-widget elementor-widget-image\" data-id=\"6d37606b\" data-element_type=\"widget\" data-widget_type=\"image.default\">\n\t\t\t\t<div class=\"elementor-widget-container\">\n\t\t\t\t\t\t\t\t\t\t\t\t\t\t\t<img fetchpriority=\"high\" decoding=\"async\" width=\"1027\" height=\"555\" src=\"https:\/\/btianalytics.ai\/wp-content\/uploads\/2021\/12\/dash.jpg\" class=\"attachment-full size-full wp-image-2670\" alt=\"\" srcset=\"https:\/\/btianalytics.ai\/wp-content\/uploads\/2021\/12\/dash.jpg 1027w, https:\/\/btianalytics.ai\/wp-content\/uploads\/2021\/12\/dash-300x162.jpg 300w, https:\/\/btianalytics.ai\/wp-content\/uploads\/2021\/12\/dash-1024x553.jpg 1024w, https:\/\/btianalytics.ai\/wp-content\/uploads\/2021\/12\/dash-768x415.jpg 768w\" sizes=\"(max-width: 1027px) 100vw, 1027px\" \/>\t\t\t\t\t\t\t\t\t\t\t\t\t\t\t<\/div>\n\t\t\t\t<\/div>\n\t\t\t\t\t<\/div>\n\t\t<\/div>\n\t\t\t\t\t<\/div>\n\t\t<\/section>\n\t\t\t\t<section class=\"elementor-section elementor-top-section elementor-element elementor-element-f9de818 elementor-section-boxed elementor-section-height-default elementor-section-height-default\" data-id=\"f9de818\" data-element_type=\"section\">\n\t\t\t\t\t\t<div class=\"elementor-container elementor-column-gap-default\">\n\t\t\t\t\t<div class=\"elementor-column elementor-col-33 elementor-top-column elementor-element elementor-element-00ccd98\" data-id=\"00ccd98\" data-element_type=\"column\">\n\t\t\t<div class=\"elementor-widget-wrap elementor-element-populated\">\n\t\t\t\t\t\t<div class=\"elementor-element elementor-element-731b020 elementor-hidden-mobile elementor-widget elementor-widget-text-editor\" data-id=\"731b020\" data-element_type=\"widget\" data-widget_type=\"text-editor.default\">\n\t\t\t\t<div class=\"elementor-widget-container\">\n\t\t\t\t\t\t\t\t\t<div class=\"page\" title=\"Page 2\"><div class=\"section\"><div class=\"layoutArea\"><div class=\"column\"><p>Dashboards de KPI&#8217;s customizados<\/p><\/div><\/div><\/div><\/div>\t\t\t\t\t\t\t\t<\/div>\n\t\t\t\t<\/div>\n\t\t\t\t\t<\/div>\n\t\t<\/div>\n\t\t\t\t<div class=\"elementor-column elementor-col-66 elementor-top-column elementor-element elementor-element-40cdf15\" data-id=\"40cdf15\" data-element_type=\"column\">\n\t\t\t<div class=\"elementor-widget-wrap elementor-element-populated\">\n\t\t\t\t\t\t<div class=\"elementor-element elementor-element-2ac007fa elementor-widget elementor-widget-text-editor\" data-id=\"2ac007fa\" data-element_type=\"widget\" data-widget_type=\"text-editor.default\">\n\t\t\t\t<div class=\"elementor-widget-container\">\n\t\t\t\t\t\t\t\t\t<div class=\"page\" title=\"Page 4\"><div class=\"section\"><div class=\"layoutArea\"><div class=\"column\"><p>Nuestras soluciones de reporter\u00eda est\u00e1n hechas <strong>a la medida del cliente<\/strong>, de forma flexible, entendiendo su particularidad y las claves de negocio que lo mueven en la industria o vertical de negocio en la que participa.\u00a0<\/p><\/div><\/div><\/div><\/div>\t\t\t\t\t\t\t\t<\/div>\n\t\t\t\t<\/div>\n\t\t\t\t<div class=\"elementor-element elementor-element-e145381 elementor-icon-list--layout-traditional elementor-list-item-link-full_width elementor-widget elementor-widget-icon-list\" data-id=\"e145381\" data-element_type=\"widget\" data-widget_type=\"icon-list.default\">\n\t\t\t\t<div class=\"elementor-widget-container\">\n\t\t\t\t\t\t\t<ul class=\"elementor-icon-list-items\">\n\t\t\t\t\t\t\t<li class=\"elementor-icon-list-item\">\n\t\t\t\t\t\t\t\t\t\t\t<span class=\"elementor-icon-list-icon\">\n\t\t\t\t\t\t\t<i aria-hidden=\"true\" class=\"far fa-dot-circle\"><\/i>\t\t\t\t\t\t<\/span>\n\t\t\t\t\t\t\t\t\t\t<span class=\"elementor-icon-list-text\">Nuestros Dashboards o paneles de control se actualizan de manera continua, y son revisados peri\u00f3dicamente por nuestro equipo de especialistas.<\/span>\n\t\t\t\t\t\t\t\t\t<\/li>\n\t\t\t\t\t\t\t\t<li class=\"elementor-icon-list-item\">\n\t\t\t\t\t\t\t\t\t\t\t<span class=\"elementor-icon-list-icon\">\n\t\t\t\t\t\t\t<i aria-hidden=\"true\" class=\"far fa-dot-circle\"><\/i>\t\t\t\t\t\t<\/span>\n\t\t\t\t\t\t\t\t\t\t<span class=\"elementor-icon-list-text\">KPIs definidos estrat\u00e9gicamente, espec\u00edficos del cliente. Definimos los par\u00e1metros de \"\u00c9xito o Fracaso\" para un KPI, pues no basta s\u00f3lo con conocer el n\u00famero sino que se necesita tambi\u00e9n poder interpretarlo y compararlo con una meta preestablecida.\u00a0<\/span>\n\t\t\t\t\t\t\t\t\t<\/li>\n\t\t\t\t\t\t\t\t<li class=\"elementor-icon-list-item\">\n\t\t\t\t\t\t\t\t\t\t\t<span class=\"elementor-icon-list-icon\">\n\t\t\t\t\t\t\t<i aria-hidden=\"true\" class=\"far fa-dot-circle\"><\/i>\t\t\t\t\t\t<\/span>\n\t\t\t\t\t\t\t\t\t\t<span class=\"elementor-icon-list-text\">\"We believe data is gold....and we love data\". Y la data no est\u00e1 s\u00f3lo para \"contar n\u00fameros y armar dashboards\", sino que para ayudarnos a tomar las mejores decisiones y acciones de negocio.<\/span>\n\t\t\t\t\t\t\t\t\t<\/li>\n\t\t\t\t\t\t\t\t<li class=\"elementor-icon-list-item\">\n\t\t\t\t\t\t\t\t\t\t\t<span class=\"elementor-icon-list-icon\">\n\t\t\t\t\t\t\t<i aria-hidden=\"true\" class=\"far fa-dot-circle\"><\/i>\t\t\t\t\t\t<\/span>\n\t\t\t\t\t\t\t\t\t\t<span class=\"elementor-icon-list-text\">Todo en la nube, disponible anytime anywhere.<\/span>\n\t\t\t\t\t\t\t\t\t<\/li>\n\t\t\t\t\t\t<\/ul>\n\t\t\t\t\t\t<\/div>\n\t\t\t\t<\/div>\n\t\t\t\t\t<\/div>\n\t\t<\/div>\n\t\t\t\t\t<\/div>\n\t\t<\/section>\n\t\t\t\t<\/div>\n\t\t","protected":false},"excerpt":{"rendered":"<p>Dashboards de KPI`s customizados Dashboards de KPI&#8217;s customizados Nuestras soluciones de reporter\u00eda est\u00e1n hechas a la medida del cliente, de forma flexible, entendiendo su particularidad y las claves de negocio que lo mueven en la industria o vertical de negocio en la que participa.\u00a0 Nuestros Dashboards o paneles de control se actualizan de manera continua, [&hellip;]<\/p>\n","protected":false},"author":1,"featured_media":0,"parent":186,"menu_order":0,"comment_status":"closed","ping_status":"closed","template":"","meta":{"site-sidebar-layout":"no-sidebar","site-content-layout":"page-builder","ast-site-content-layout":"","site-content-style":"default","site-sidebar-style":"default","ast-global-header-display":"","ast-banner-title-visibility":"","ast-main-header-display":"","ast-hfb-above-header-display":"","ast-hfb-below-header-display":"","ast-hfb-mobile-header-display":"","site-post-title":"disabled","ast-breadcrumbs-content":"","ast-featured-img":"disabled","footer-sml-layout":"","theme-transparent-header-meta":"default","adv-header-id-meta":"","stick-header-meta":"","header-above-stick-meta":"","header-main-stick-meta":"","header-below-stick-meta":"","astra-migrate-meta-layouts":"default","ast-page-background-enabled":"default","ast-page-background-meta":{"desktop":{"background-color":"var(--ast-global-color-4)","background-image":"","background-repeat":"repeat","background-position":"center center","background-size":"auto","background-attachment":"scroll","background-type":"","background-media":"","overlay-type":"","overlay-color":"","overlay-opacity":"","overlay-gradient":""},"tablet":{"background-color":"","background-image":"","background-repeat":"repeat","background-position":"center center","background-size":"auto","background-attachment":"scroll","background-type":"","background-media":"","overlay-type":"","overlay-color":"","overlay-opacity":"","overlay-gradient":""},"mobile":{"background-color":"","background-image":"","background-repeat":"repeat","background-position":"center center","background-size":"auto","background-attachment":"scroll","background-type":"","background-media":"","overlay-type":"","overlay-color":"","overlay-opacity":"","overlay-gradient":""}},"ast-content-background-meta":{"desktop":{"background-color":"var(--ast-global-color-5)","background-image":"","background-repeat":"repeat","background-position":"center center","background-size":"auto","background-attachment":"scroll","background-type":"","background-media":"","overlay-type":"","overlay-color":"","overlay-opacity":"","overlay-gradient":""},"tablet":{"background-color":"var(--ast-global-color-5)","background-image":"","background-repeat":"repeat","background-position":"center center","background-size":"auto","background-attachment":"scroll","background-type":"","background-media":"","overlay-type":"","overlay-color":"","overlay-opacity":"","overlay-gradient":""},"mobile":{"background-color":"var(--ast-global-color-5)","background-image":"","background-repeat":"repeat","background-position":"center center","background-size":"auto","background-attachment":"scroll","background-type":"","background-media":"","overlay-type":"","overlay-color":"","overlay-opacity":"","overlay-gradient":""}},"footnotes":""},"class_list":["post-226","page","type-page","status-publish","hentry"],"yoast_head":"<!-- This site is optimized with the Yoast SEO plugin v26.9 - https:\/\/yoast.com\/product\/yoast-seo-wordpress\/ -->\n<title>Dashboards KPIs - BTI Analytics<\/title>\n<meta name=\"robots\" content=\"index, follow, max-snippet:-1, max-image-preview:large, max-video-preview:-1\" \/>\n<link rel=\"canonical\" href=\"https:\/\/btianalytics.ai\/es\/soluciones\/dashboards-kpis\/\" \/>\n<meta property=\"og:locale\" content=\"es_ES\" \/>\n<meta property=\"og:type\" content=\"article\" \/>\n<meta property=\"og:title\" content=\"Dashboards KPIs - BTI Analytics\" \/>\n<meta property=\"og:description\" content=\"Dashboards de KPI`s customizados Dashboards de KPI&#8217;s customizados Nuestras soluciones de reporter\u00eda est\u00e1n hechas a la medida del cliente, de forma flexible, entendiendo su particularidad y las claves de negocio que lo mueven en la industria o vertical de negocio en la que participa.\u00a0 Nuestros Dashboards o paneles de control se actualizan de manera continua, [&hellip;]\" \/>\n<meta property=\"og:url\" content=\"https:\/\/btianalytics.ai\/es\/soluciones\/dashboards-kpis\/\" \/>\n<meta property=\"og:site_name\" content=\"BTI Analytics\" \/>\n<meta property=\"article:modified_time\" content=\"2021-12-13T22:02:40+00:00\" \/>\n<meta property=\"og:image\" content=\"https:\/\/btianalytics.ai\/wp-content\/uploads\/2021\/12\/dash.jpg\" \/>\n<meta name=\"twitter:card\" content=\"summary_large_image\" \/>\n<meta name=\"twitter:label1\" content=\"Tiempo de lectura\" \/>\n\t<meta name=\"twitter:data1\" content=\"1 minuto\" \/>\n<script type=\"application\/ld+json\" class=\"yoast-schema-graph\">{\"@context\":\"https:\/\/schema.org\",\"@graph\":[{\"@type\":\"WebPage\",\"@id\":\"https:\/\/btianalytics.ai\/es\/soluciones\/dashboards-kpis\/\",\"url\":\"https:\/\/btianalytics.ai\/es\/soluciones\/dashboards-kpis\/\",\"name\":\"Dashboards KPIs - BTI Analytics\",\"isPartOf\":{\"@id\":\"https:\/\/btianalytics.ai\/#website\"},\"primaryImageOfPage\":{\"@id\":\"https:\/\/btianalytics.ai\/es\/soluciones\/dashboards-kpis\/#primaryimage\"},\"image\":{\"@id\":\"https:\/\/btianalytics.ai\/es\/soluciones\/dashboards-kpis\/#primaryimage\"},\"thumbnailUrl\":\"https:\/\/btianalytics.ai\/wp-content\/uploads\/2021\/12\/dash.jpg\",\"datePublished\":\"2021-11-03T22:39:53+00:00\",\"dateModified\":\"2021-12-13T22:02:40+00:00\",\"breadcrumb\":{\"@id\":\"https:\/\/btianalytics.ai\/es\/soluciones\/dashboards-kpis\/#breadcrumb\"},\"inLanguage\":\"es\",\"potentialAction\":[{\"@type\":\"ReadAction\",\"target\":[\"https:\/\/btianalytics.ai\/es\/soluciones\/dashboards-kpis\/\"]}]},{\"@type\":\"ImageObject\",\"inLanguage\":\"es\",\"@id\":\"https:\/\/btianalytics.ai\/es\/soluciones\/dashboards-kpis\/#primaryimage\",\"url\":\"https:\/\/btianalytics.ai\/wp-content\/uploads\/2021\/12\/dash.jpg\",\"contentUrl\":\"https:\/\/btianalytics.ai\/wp-content\/uploads\/2021\/12\/dash.jpg\"},{\"@type\":\"BreadcrumbList\",\"@id\":\"https:\/\/btianalytics.ai\/es\/soluciones\/dashboards-kpis\/#breadcrumb\",\"itemListElement\":[{\"@type\":\"ListItem\",\"position\":1,\"name\":\"Home\",\"item\":\"https:\/\/btianalytics.ai\/es\/\"},{\"@type\":\"ListItem\",\"position\":2,\"name\":\"Soluciones\",\"item\":\"https:\/\/btianalytics.ai\/es\/soluciones\/\"},{\"@type\":\"ListItem\",\"position\":3,\"name\":\"Dashboards KPIs\"}]},{\"@type\":\"WebSite\",\"@id\":\"https:\/\/btianalytics.ai\/#website\",\"url\":\"https:\/\/btianalytics.ai\/\",\"name\":\"BTI Analytics\",\"description\":\"Captures What Really Matters\",\"publisher\":{\"@id\":\"https:\/\/btianalytics.ai\/#organization\"},\"potentialAction\":[{\"@type\":\"SearchAction\",\"target\":{\"@type\":\"EntryPoint\",\"urlTemplate\":\"https:\/\/btianalytics.ai\/?s={search_term_string}\"},\"query-input\":{\"@type\":\"PropertyValueSpecification\",\"valueRequired\":true,\"valueName\":\"search_term_string\"}}],\"inLanguage\":\"es\"},{\"@type\":\"Organization\",\"@id\":\"https:\/\/btianalytics.ai\/#organization\",\"name\":\"BTI Analytics\",\"url\":\"https:\/\/btianalytics.ai\/\",\"logo\":{\"@type\":\"ImageObject\",\"inLanguage\":\"es\",\"@id\":\"https:\/\/btianalytics.ai\/#\/schema\/logo\/image\/\",\"url\":\"https:\/\/btianalytics.ai\/wp-content\/uploads\/2021\/11\/favicon.jpg\",\"contentUrl\":\"https:\/\/btianalytics.ai\/wp-content\/uploads\/2021\/11\/favicon.jpg\",\"width\":400,\"height\":400,\"caption\":\"BTI Analytics\"},\"image\":{\"@id\":\"https:\/\/btianalytics.ai\/#\/schema\/logo\/image\/\"}}]}<\/script>\n<!-- \/ Yoast SEO plugin. -->","yoast_head_json":{"title":"Dashboards KPIs - BTI Analytics","robots":{"index":"index","follow":"follow","max-snippet":"max-snippet:-1","max-image-preview":"max-image-preview:large","max-video-preview":"max-video-preview:-1"},"canonical":"https:\/\/btianalytics.ai\/es\/soluciones\/dashboards-kpis\/","og_locale":"es_ES","og_type":"article","og_title":"Dashboards KPIs - BTI Analytics","og_description":"Dashboards de KPI`s customizados Dashboards de KPI&#8217;s customizados Nuestras soluciones de reporter\u00eda est\u00e1n hechas a la medida del cliente, de forma flexible, entendiendo su particularidad y las claves de negocio que lo mueven en la industria o vertical de negocio en la que participa.\u00a0 Nuestros Dashboards o paneles de control se actualizan de manera continua, [&hellip;]","og_url":"https:\/\/btianalytics.ai\/es\/soluciones\/dashboards-kpis\/","og_site_name":"BTI Analytics","article_modified_time":"2021-12-13T22:02:40+00:00","og_image":[{"url":"https:\/\/btianalytics.ai\/wp-content\/uploads\/2021\/12\/dash.jpg","type":"","width":"","height":""}],"twitter_card":"summary_large_image","twitter_misc":{"Tiempo de lectura":"1 minuto"},"schema":{"@context":"https:\/\/schema.org","@graph":[{"@type":"WebPage","@id":"https:\/\/btianalytics.ai\/es\/soluciones\/dashboards-kpis\/","url":"https:\/\/btianalytics.ai\/es\/soluciones\/dashboards-kpis\/","name":"Dashboards KPIs - BTI Analytics","isPartOf":{"@id":"https:\/\/btianalytics.ai\/#website"},"primaryImageOfPage":{"@id":"https:\/\/btianalytics.ai\/es\/soluciones\/dashboards-kpis\/#primaryimage"},"image":{"@id":"https:\/\/btianalytics.ai\/es\/soluciones\/dashboards-kpis\/#primaryimage"},"thumbnailUrl":"https:\/\/btianalytics.ai\/wp-content\/uploads\/2021\/12\/dash.jpg","datePublished":"2021-11-03T22:39:53+00:00","dateModified":"2021-12-13T22:02:40+00:00","breadcrumb":{"@id":"https:\/\/btianalytics.ai\/es\/soluciones\/dashboards-kpis\/#breadcrumb"},"inLanguage":"es","potentialAction":[{"@type":"ReadAction","target":["https:\/\/btianalytics.ai\/es\/soluciones\/dashboards-kpis\/"]}]},{"@type":"ImageObject","inLanguage":"es","@id":"https:\/\/btianalytics.ai\/es\/soluciones\/dashboards-kpis\/#primaryimage","url":"https:\/\/btianalytics.ai\/wp-content\/uploads\/2021\/12\/dash.jpg","contentUrl":"https:\/\/btianalytics.ai\/wp-content\/uploads\/2021\/12\/dash.jpg"},{"@type":"BreadcrumbList","@id":"https:\/\/btianalytics.ai\/es\/soluciones\/dashboards-kpis\/#breadcrumb","itemListElement":[{"@type":"ListItem","position":1,"name":"Home","item":"https:\/\/btianalytics.ai\/es\/"},{"@type":"ListItem","position":2,"name":"Soluciones","item":"https:\/\/btianalytics.ai\/es\/soluciones\/"},{"@type":"ListItem","position":3,"name":"Dashboards KPIs"}]},{"@type":"WebSite","@id":"https:\/\/btianalytics.ai\/#website","url":"https:\/\/btianalytics.ai\/","name":"BTI Analytics","description":"Captures What Really Matters","publisher":{"@id":"https:\/\/btianalytics.ai\/#organization"},"potentialAction":[{"@type":"SearchAction","target":{"@type":"EntryPoint","urlTemplate":"https:\/\/btianalytics.ai\/?s={search_term_string}"},"query-input":{"@type":"PropertyValueSpecification","valueRequired":true,"valueName":"search_term_string"}}],"inLanguage":"es"},{"@type":"Organization","@id":"https:\/\/btianalytics.ai\/#organization","name":"BTI Analytics","url":"https:\/\/btianalytics.ai\/","logo":{"@type":"ImageObject","inLanguage":"es","@id":"https:\/\/btianalytics.ai\/#\/schema\/logo\/image\/","url":"https:\/\/btianalytics.ai\/wp-content\/uploads\/2021\/11\/favicon.jpg","contentUrl":"https:\/\/btianalytics.ai\/wp-content\/uploads\/2021\/11\/favicon.jpg","width":400,"height":400,"caption":"BTI Analytics"},"image":{"@id":"https:\/\/btianalytics.ai\/#\/schema\/logo\/image\/"}}]}},"_links":{"self":[{"href":"https:\/\/btianalytics.ai\/es\/wp-json\/wp\/v2\/pages\/226","targetHints":{"allow":["GET"]}}],"collection":[{"href":"https:\/\/btianalytics.ai\/es\/wp-json\/wp\/v2\/pages"}],"about":[{"href":"https:\/\/btianalytics.ai\/es\/wp-json\/wp\/v2\/types\/page"}],"author":[{"embeddable":true,"href":"https:\/\/btianalytics.ai\/es\/wp-json\/wp\/v2\/users\/1"}],"replies":[{"embeddable":true,"href":"https:\/\/btianalytics.ai\/es\/wp-json\/wp\/v2\/comments?post=226"}],"version-history":[{"count":5,"href":"https:\/\/btianalytics.ai\/es\/wp-json\/wp\/v2\/pages\/226\/revisions"}],"predecessor-version":[{"id":3269,"href":"https:\/\/btianalytics.ai\/es\/wp-json\/wp\/v2\/pages\/226\/revisions\/3269"}],"up":[{"embeddable":true,"href":"https:\/\/btianalytics.ai\/es\/wp-json\/wp\/v2\/pages\/186"}],"wp:attachment":[{"href":"https:\/\/btianalytics.ai\/es\/wp-json\/wp\/v2\/media?parent=226"}],"curies":[{"name":"wp","href":"https:\/\/api.w.org\/{rel}","templated":true}]}}