{"id":220,"date":"2021-11-03T22:38:24","date_gmt":"2021-11-03T22:38:24","guid":{"rendered":"http:\/\/box2254.temp.domains\/~transhua\/btianalytics\/?page_id=220"},"modified":"2021-12-14T15:57:59","modified_gmt":"2021-12-14T15:57:59","slug":"eficiencia","status":"publish","type":"page","link":"https:\/\/btianalytics.ai\/es\/soluciones\/eficiencia\/","title":{"rendered":"Eficiencia"},"content":{"rendered":"\t\t<div data-elementor-type=\"wp-page\" data-elementor-id=\"220\" class=\"elementor elementor-220\" data-elementor-post-type=\"page\">\n\t\t\t\t\t\t<section class=\"elementor-section elementor-top-section elementor-element elementor-element-cfbc5c1 elementor-section-boxed elementor-section-height-default elementor-section-height-default\" data-id=\"cfbc5c1\" data-element_type=\"section\">\n\t\t\t\t\t\t<div class=\"elementor-container elementor-column-gap-default\">\n\t\t\t\t\t<div class=\"elementor-column elementor-col-100 elementor-top-column elementor-element elementor-element-2a76a23c\" data-id=\"2a76a23c\" data-element_type=\"column\">\n\t\t\t<div class=\"elementor-widget-wrap elementor-element-populated\">\n\t\t\t\t\t\t<div class=\"elementor-element elementor-element-1e1a3d7 elementor-widget elementor-widget-heading\" data-id=\"1e1a3d7\" data-element_type=\"widget\" data-widget_type=\"heading.default\">\n\t\t\t\t<div class=\"elementor-widget-container\">\n\t\t\t\t\t<h2 class=\"elementor-heading-title elementor-size-default\">Eficiencia Operacional<\/h2>\t\t\t\t<\/div>\n\t\t\t\t<\/div>\n\t\t\t\t\t<\/div>\n\t\t<\/div>\n\t\t\t\t\t<\/div>\n\t\t<\/section>\n\t\t\t\t<section class=\"elementor-section elementor-top-section elementor-element elementor-element-3cf914f9 elementor-section-boxed elementor-section-height-default elementor-section-height-default\" data-id=\"3cf914f9\" data-element_type=\"section\">\n\t\t\t\t\t\t<div class=\"elementor-container elementor-column-gap-no\">\n\t\t\t\t\t<div class=\"elementor-column elementor-col-100 elementor-top-column elementor-element elementor-element-dc78563\" data-id=\"dc78563\" data-element_type=\"column\">\n\t\t\t<div class=\"elementor-widget-wrap elementor-element-populated\">\n\t\t\t\t\t\t<div class=\"elementor-element elementor-element-6c95d1ff elementor-widget elementor-widget-image\" data-id=\"6c95d1ff\" data-element_type=\"widget\" data-widget_type=\"image.default\">\n\t\t\t\t<div class=\"elementor-widget-container\">\n\t\t\t\t\t\t\t\t\t\t\t\t\t\t\t<img fetchpriority=\"high\" decoding=\"async\" width=\"1027\" height=\"555\" src=\"https:\/\/btianalytics.ai\/wp-content\/uploads\/2021\/12\/emp.jpg\" class=\"attachment-full size-full wp-image-2681\" alt=\"\" srcset=\"https:\/\/btianalytics.ai\/wp-content\/uploads\/2021\/12\/emp.jpg 1027w, https:\/\/btianalytics.ai\/wp-content\/uploads\/2021\/12\/emp-300x162.jpg 300w, https:\/\/btianalytics.ai\/wp-content\/uploads\/2021\/12\/emp-1024x553.jpg 1024w, https:\/\/btianalytics.ai\/wp-content\/uploads\/2021\/12\/emp-768x415.jpg 768w\" sizes=\"(max-width: 1027px) 100vw, 1027px\" \/>\t\t\t\t\t\t\t\t\t\t\t\t\t\t\t<\/div>\n\t\t\t\t<\/div>\n\t\t\t\t\t<\/div>\n\t\t<\/div>\n\t\t\t\t\t<\/div>\n\t\t<\/section>\n\t\t\t\t<section class=\"elementor-section elementor-top-section elementor-element elementor-element-a348baf elementor-section-boxed elementor-section-height-default elementor-section-height-default\" data-id=\"a348baf\" data-element_type=\"section\">\n\t\t\t\t\t\t<div class=\"elementor-container elementor-column-gap-default\">\n\t\t\t\t\t<div class=\"elementor-column elementor-col-33 elementor-top-column elementor-element elementor-element-b35f9ef\" data-id=\"b35f9ef\" data-element_type=\"column\">\n\t\t\t<div class=\"elementor-widget-wrap elementor-element-populated\">\n\t\t\t\t\t\t<div class=\"elementor-element elementor-element-e24cf15 elementor-hidden-mobile elementor-widget elementor-widget-text-editor\" data-id=\"e24cf15\" data-element_type=\"widget\" data-widget_type=\"text-editor.default\">\n\t\t\t\t<div class=\"elementor-widget-container\">\n\t\t\t\t\t\t\t\t\t<div class=\"page\" title=\"Page 2\">\n<div class=\"section\">\n<div class=\"layoutArea\">\n<div class=\"column\">\n\nEficiencia en operaci\u00f3n<br>y control\n\n<\/div>\n<\/div>\n<\/div>\n<\/div>\t\t\t\t\t\t\t\t<\/div>\n\t\t\t\t<\/div>\n\t\t\t\t\t<\/div>\n\t\t<\/div>\n\t\t\t\t<div class=\"elementor-column elementor-col-66 elementor-top-column elementor-element elementor-element-8aee927\" data-id=\"8aee927\" data-element_type=\"column\">\n\t\t\t<div class=\"elementor-widget-wrap elementor-element-populated\">\n\t\t\t\t\t\t<div class=\"elementor-element elementor-element-4215e8e0 elementor-widget elementor-widget-text-editor\" data-id=\"4215e8e0\" data-element_type=\"widget\" data-widget_type=\"text-editor.default\">\n\t\t\t\t<div class=\"elementor-widget-container\">\n\t\t\t\t\t\t\t\t\t<p>Apoyamos a nuestros clientes a <strong>organizar<\/strong> sus protocolos y procedimientos operacionales. S\u00f3lo as\u00ed es posible <strong>optimizar sus recursos.<\/strong><\/p><p><br \/>Impulsamos el sentido de la <strong>proactividad<\/strong> y la capacidad de reacci\u00f3n, combinados en un mismo equipo de expertos, quienes realizan un monitoreo constante en tiempo real en busca de acciones concretas. Asimismo, la <strong>confidencialidad<\/strong> y <strong>privacidad<\/strong> es uno de los pilares fundamentales de nuestra compa\u00f1\u00eda.<\/p>\t\t\t\t\t\t\t\t<\/div>\n\t\t\t\t<\/div>\n\t\t\t\t\t<\/div>\n\t\t<\/div>\n\t\t\t\t\t<\/div>\n\t\t<\/section>\n\t\t\t\t<\/div>\n\t\t","protected":false},"excerpt":{"rendered":"<p>Eficiencia Operacional Eficiencia en operaci\u00f3ny control Apoyamos a nuestros clientes a organizar sus protocolos y procedimientos operacionales. S\u00f3lo as\u00ed es posible optimizar sus recursos. Impulsamos el sentido de la proactividad y la capacidad de reacci\u00f3n, combinados en un mismo equipo de expertos, quienes realizan un monitoreo constante en tiempo real en busca de acciones concretas. [&hellip;]<\/p>\n","protected":false},"author":1,"featured_media":0,"parent":186,"menu_order":0,"comment_status":"closed","ping_status":"closed","template":"","meta":{"site-sidebar-layout":"no-sidebar","site-content-layout":"page-builder","ast-site-content-layout":"","site-content-style":"default","site-sidebar-style":"default","ast-global-header-display":"","ast-banner-title-visibility":"","ast-main-header-display":"","ast-hfb-above-header-display":"","ast-hfb-below-header-display":"","ast-hfb-mobile-header-display":"","site-post-title":"disabled","ast-breadcrumbs-content":"","ast-featured-img":"disabled","footer-sml-layout":"","theme-transparent-header-meta":"default","adv-header-id-meta":"","stick-header-meta":"","header-above-stick-meta":"","header-main-stick-meta":"","header-below-stick-meta":"","astra-migrate-meta-layouts":"default","ast-page-background-enabled":"default","ast-page-background-meta":{"desktop":{"background-color":"var(--ast-global-color-4)","background-image":"","background-repeat":"repeat","background-position":"center center","background-size":"auto","background-attachment":"scroll","background-type":"","background-media":"","overlay-type":"","overlay-color":"","overlay-opacity":"","overlay-gradient":""},"tablet":{"background-color":"","background-image":"","background-repeat":"repeat","background-position":"center center","background-size":"auto","background-attachment":"scroll","background-type":"","background-media":"","overlay-type":"","overlay-color":"","overlay-opacity":"","overlay-gradient":""},"mobile":{"background-color":"","background-image":"","background-repeat":"repeat","background-position":"center center","background-size":"auto","background-attachment":"scroll","background-type":"","background-media":"","overlay-type":"","overlay-color":"","overlay-opacity":"","overlay-gradient":""}},"ast-content-background-meta":{"desktop":{"background-color":"var(--ast-global-color-5)","background-image":"","background-repeat":"repeat","background-position":"center center","background-size":"auto","background-attachment":"scroll","background-type":"","background-media":"","overlay-type":"","overlay-color":"","overlay-opacity":"","overlay-gradient":""},"tablet":{"background-color":"var(--ast-global-color-5)","background-image":"","background-repeat":"repeat","background-position":"center center","background-size":"auto","background-attachment":"scroll","background-type":"","background-media":"","overlay-type":"","overlay-color":"","overlay-opacity":"","overlay-gradient":""},"mobile":{"background-color":"var(--ast-global-color-5)","background-image":"","background-repeat":"repeat","background-position":"center center","background-size":"auto","background-attachment":"scroll","background-type":"","background-media":"","overlay-type":"","overlay-color":"","overlay-opacity":"","overlay-gradient":""}},"footnotes":""},"class_list":["post-220","page","type-page","status-publish","hentry"],"yoast_head":"<!-- This site is optimized with the Yoast SEO plugin v26.9 - https:\/\/yoast.com\/product\/yoast-seo-wordpress\/ -->\n<title>Eficiencia - BTI Analytics<\/title>\n<meta name=\"robots\" content=\"index, follow, max-snippet:-1, max-image-preview:large, max-video-preview:-1\" \/>\n<link rel=\"canonical\" href=\"https:\/\/btianalytics.ai\/es\/soluciones\/eficiencia\/\" \/>\n<meta property=\"og:locale\" content=\"es_ES\" \/>\n<meta property=\"og:type\" content=\"article\" \/>\n<meta property=\"og:title\" content=\"Eficiencia - BTI Analytics\" \/>\n<meta property=\"og:description\" content=\"Eficiencia Operacional Eficiencia en operaci\u00f3ny control Apoyamos a nuestros clientes a organizar sus protocolos y procedimientos operacionales. S\u00f3lo as\u00ed es posible optimizar sus recursos. Impulsamos el sentido de la proactividad y la capacidad de reacci\u00f3n, combinados en un mismo equipo de expertos, quienes realizan un monitoreo constante en tiempo real en busca de acciones concretas. [&hellip;]\" \/>\n<meta property=\"og:url\" content=\"https:\/\/btianalytics.ai\/es\/soluciones\/eficiencia\/\" \/>\n<meta property=\"og:site_name\" content=\"BTI Analytics\" \/>\n<meta property=\"article:modified_time\" content=\"2021-12-14T15:57:59+00:00\" \/>\n<meta property=\"og:image\" content=\"https:\/\/btianalytics.ai\/wp-content\/uploads\/2021\/12\/emp.jpg\" \/>\n<meta name=\"twitter:card\" content=\"summary_large_image\" \/>\n<meta name=\"twitter:label1\" content=\"Tiempo de lectura\" \/>\n\t<meta name=\"twitter:data1\" content=\"1 minuto\" \/>\n<script type=\"application\/ld+json\" class=\"yoast-schema-graph\">{\"@context\":\"https:\/\/schema.org\",\"@graph\":[{\"@type\":\"WebPage\",\"@id\":\"https:\/\/btianalytics.ai\/es\/soluciones\/eficiencia\/\",\"url\":\"https:\/\/btianalytics.ai\/es\/soluciones\/eficiencia\/\",\"name\":\"Eficiencia - BTI Analytics\",\"isPartOf\":{\"@id\":\"https:\/\/btianalytics.ai\/#website\"},\"primaryImageOfPage\":{\"@id\":\"https:\/\/btianalytics.ai\/es\/soluciones\/eficiencia\/#primaryimage\"},\"image\":{\"@id\":\"https:\/\/btianalytics.ai\/es\/soluciones\/eficiencia\/#primaryimage\"},\"thumbnailUrl\":\"https:\/\/btianalytics.ai\/wp-content\/uploads\/2021\/12\/emp.jpg\",\"datePublished\":\"2021-11-03T22:38:24+00:00\",\"dateModified\":\"2021-12-14T15:57:59+00:00\",\"breadcrumb\":{\"@id\":\"https:\/\/btianalytics.ai\/es\/soluciones\/eficiencia\/#breadcrumb\"},\"inLanguage\":\"es\",\"potentialAction\":[{\"@type\":\"ReadAction\",\"target\":[\"https:\/\/btianalytics.ai\/es\/soluciones\/eficiencia\/\"]}]},{\"@type\":\"ImageObject\",\"inLanguage\":\"es\",\"@id\":\"https:\/\/btianalytics.ai\/es\/soluciones\/eficiencia\/#primaryimage\",\"url\":\"https:\/\/btianalytics.ai\/wp-content\/uploads\/2021\/12\/emp.jpg\",\"contentUrl\":\"https:\/\/btianalytics.ai\/wp-content\/uploads\/2021\/12\/emp.jpg\"},{\"@type\":\"BreadcrumbList\",\"@id\":\"https:\/\/btianalytics.ai\/es\/soluciones\/eficiencia\/#breadcrumb\",\"itemListElement\":[{\"@type\":\"ListItem\",\"position\":1,\"name\":\"Home\",\"item\":\"https:\/\/btianalytics.ai\/es\/\"},{\"@type\":\"ListItem\",\"position\":2,\"name\":\"Soluciones\",\"item\":\"https:\/\/btianalytics.ai\/es\/soluciones\/\"},{\"@type\":\"ListItem\",\"position\":3,\"name\":\"Eficiencia\"}]},{\"@type\":\"WebSite\",\"@id\":\"https:\/\/btianalytics.ai\/#website\",\"url\":\"https:\/\/btianalytics.ai\/\",\"name\":\"BTI Analytics\",\"description\":\"Captures What Really Matters\",\"publisher\":{\"@id\":\"https:\/\/btianalytics.ai\/#organization\"},\"potentialAction\":[{\"@type\":\"SearchAction\",\"target\":{\"@type\":\"EntryPoint\",\"urlTemplate\":\"https:\/\/btianalytics.ai\/?s={search_term_string}\"},\"query-input\":{\"@type\":\"PropertyValueSpecification\",\"valueRequired\":true,\"valueName\":\"search_term_string\"}}],\"inLanguage\":\"es\"},{\"@type\":\"Organization\",\"@id\":\"https:\/\/btianalytics.ai\/#organization\",\"name\":\"BTI Analytics\",\"url\":\"https:\/\/btianalytics.ai\/\",\"logo\":{\"@type\":\"ImageObject\",\"inLanguage\":\"es\",\"@id\":\"https:\/\/btianalytics.ai\/#\/schema\/logo\/image\/\",\"url\":\"https:\/\/btianalytics.ai\/wp-content\/uploads\/2021\/11\/favicon.jpg\",\"contentUrl\":\"https:\/\/btianalytics.ai\/wp-content\/uploads\/2021\/11\/favicon.jpg\",\"width\":400,\"height\":400,\"caption\":\"BTI Analytics\"},\"image\":{\"@id\":\"https:\/\/btianalytics.ai\/#\/schema\/logo\/image\/\"}}]}<\/script>\n<!-- \/ Yoast SEO plugin. -->","yoast_head_json":{"title":"Eficiencia - BTI Analytics","robots":{"index":"index","follow":"follow","max-snippet":"max-snippet:-1","max-image-preview":"max-image-preview:large","max-video-preview":"max-video-preview:-1"},"canonical":"https:\/\/btianalytics.ai\/es\/soluciones\/eficiencia\/","og_locale":"es_ES","og_type":"article","og_title":"Eficiencia - BTI Analytics","og_description":"Eficiencia Operacional Eficiencia en operaci\u00f3ny control Apoyamos a nuestros clientes a organizar sus protocolos y procedimientos operacionales. S\u00f3lo as\u00ed es posible optimizar sus recursos. Impulsamos el sentido de la proactividad y la capacidad de reacci\u00f3n, combinados en un mismo equipo de expertos, quienes realizan un monitoreo constante en tiempo real en busca de acciones concretas. [&hellip;]","og_url":"https:\/\/btianalytics.ai\/es\/soluciones\/eficiencia\/","og_site_name":"BTI Analytics","article_modified_time":"2021-12-14T15:57:59+00:00","og_image":[{"url":"https:\/\/btianalytics.ai\/wp-content\/uploads\/2021\/12\/emp.jpg","type":"","width":"","height":""}],"twitter_card":"summary_large_image","twitter_misc":{"Tiempo de lectura":"1 minuto"},"schema":{"@context":"https:\/\/schema.org","@graph":[{"@type":"WebPage","@id":"https:\/\/btianalytics.ai\/es\/soluciones\/eficiencia\/","url":"https:\/\/btianalytics.ai\/es\/soluciones\/eficiencia\/","name":"Eficiencia - BTI Analytics","isPartOf":{"@id":"https:\/\/btianalytics.ai\/#website"},"primaryImageOfPage":{"@id":"https:\/\/btianalytics.ai\/es\/soluciones\/eficiencia\/#primaryimage"},"image":{"@id":"https:\/\/btianalytics.ai\/es\/soluciones\/eficiencia\/#primaryimage"},"thumbnailUrl":"https:\/\/btianalytics.ai\/wp-content\/uploads\/2021\/12\/emp.jpg","datePublished":"2021-11-03T22:38:24+00:00","dateModified":"2021-12-14T15:57:59+00:00","breadcrumb":{"@id":"https:\/\/btianalytics.ai\/es\/soluciones\/eficiencia\/#breadcrumb"},"inLanguage":"es","potentialAction":[{"@type":"ReadAction","target":["https:\/\/btianalytics.ai\/es\/soluciones\/eficiencia\/"]}]},{"@type":"ImageObject","inLanguage":"es","@id":"https:\/\/btianalytics.ai\/es\/soluciones\/eficiencia\/#primaryimage","url":"https:\/\/btianalytics.ai\/wp-content\/uploads\/2021\/12\/emp.jpg","contentUrl":"https:\/\/btianalytics.ai\/wp-content\/uploads\/2021\/12\/emp.jpg"},{"@type":"BreadcrumbList","@id":"https:\/\/btianalytics.ai\/es\/soluciones\/eficiencia\/#breadcrumb","itemListElement":[{"@type":"ListItem","position":1,"name":"Home","item":"https:\/\/btianalytics.ai\/es\/"},{"@type":"ListItem","position":2,"name":"Soluciones","item":"https:\/\/btianalytics.ai\/es\/soluciones\/"},{"@type":"ListItem","position":3,"name":"Eficiencia"}]},{"@type":"WebSite","@id":"https:\/\/btianalytics.ai\/#website","url":"https:\/\/btianalytics.ai\/","name":"BTI Analytics","description":"Captures What Really Matters","publisher":{"@id":"https:\/\/btianalytics.ai\/#organization"},"potentialAction":[{"@type":"SearchAction","target":{"@type":"EntryPoint","urlTemplate":"https:\/\/btianalytics.ai\/?s={search_term_string}"},"query-input":{"@type":"PropertyValueSpecification","valueRequired":true,"valueName":"search_term_string"}}],"inLanguage":"es"},{"@type":"Organization","@id":"https:\/\/btianalytics.ai\/#organization","name":"BTI Analytics","url":"https:\/\/btianalytics.ai\/","logo":{"@type":"ImageObject","inLanguage":"es","@id":"https:\/\/btianalytics.ai\/#\/schema\/logo\/image\/","url":"https:\/\/btianalytics.ai\/wp-content\/uploads\/2021\/11\/favicon.jpg","contentUrl":"https:\/\/btianalytics.ai\/wp-content\/uploads\/2021\/11\/favicon.jpg","width":400,"height":400,"caption":"BTI Analytics"},"image":{"@id":"https:\/\/btianalytics.ai\/#\/schema\/logo\/image\/"}}]}},"_links":{"self":[{"href":"https:\/\/btianalytics.ai\/es\/wp-json\/wp\/v2\/pages\/220","targetHints":{"allow":["GET"]}}],"collection":[{"href":"https:\/\/btianalytics.ai\/es\/wp-json\/wp\/v2\/pages"}],"about":[{"href":"https:\/\/btianalytics.ai\/es\/wp-json\/wp\/v2\/types\/page"}],"author":[{"embeddable":true,"href":"https:\/\/btianalytics.ai\/es\/wp-json\/wp\/v2\/users\/1"}],"replies":[{"embeddable":true,"href":"https:\/\/btianalytics.ai\/es\/wp-json\/wp\/v2\/comments?post=220"}],"version-history":[{"count":5,"href":"https:\/\/btianalytics.ai\/es\/wp-json\/wp\/v2\/pages\/220\/revisions"}],"predecessor-version":[{"id":3298,"href":"https:\/\/btianalytics.ai\/es\/wp-json\/wp\/v2\/pages\/220\/revisions\/3298"}],"up":[{"embeddable":true,"href":"https:\/\/btianalytics.ai\/es\/wp-json\/wp\/v2\/pages\/186"}],"wp:attachment":[{"href":"https:\/\/btianalytics.ai\/es\/wp-json\/wp\/v2\/media?parent=220"}],"curies":[{"name":"wp","href":"https:\/\/api.w.org\/{rel}","templated":true}]}}